{"id":100265,"date":"2025-11-03T20:38:00","date_gmt":"2025-11-03T19:38:00","guid":{"rendered":"https:\/\/www.galeriechampaka.com\/?page_id=100265"},"modified":"2026-03-05T12:02:25","modified_gmt":"2026-03-05T11:02:25","slug":"ruben-pellejero-3","status":"publish","type":"page","link":"https:\/\/www.galeriechampaka.com\/?page_id=100265","title":{"rendered":"RUB\u00c9N PELLEJERO"},"content":{"rendered":"<h1 id=\"fr\" class=\"p1\"><em><b>\u00abDieter Lumpen\u00bb<\/b><\/em><\/h1>\n<h3 class=\"p3\"><span class=\"s1\">Exposition 10\/11 &gt; 24\/11\/2025<\/span><\/h3>\n<p><img loading=\"lazy\" decoding=\"async\" class=\"alignnone wp-image-100266 size-full\" src=\"https:\/\/www.galeriechampaka.com\/wp-content\/uploads\/2025\/11\/Lumpen-for-dia-HP-e1762263152462.jpg\" alt=\"Illustration d'un homme portant un chapeau et une cravate fume debout \u00e0 une fen\u00eatre pr\u00e8s d'un palmier. En arri\u00e8re-plan se refl\u00e8te la lune sur la mer.\" width=\"900\" height=\"774\" srcset=\"https:\/\/www.galeriechampaka.com\/wp-content\/uploads\/2025\/11\/Lumpen-for-dia-HP-e1762263152462.jpg 900w, https:\/\/www.galeriechampaka.com\/wp-content\/uploads\/2025\/11\/Lumpen-for-dia-HP-e1762263152462-300x258.jpg 300w, https:\/\/www.galeriechampaka.com\/wp-content\/uploads\/2025\/11\/Lumpen-for-dia-HP-e1762263152462-768x660.jpg 768w\" sizes=\"auto, (max-width: 900px) 100vw, 900px\" \/><\/p>\n<p class=\"p1\">Les lecteurs de <b><i>Dieter Lumpen<\/i><\/b> (sc\u00e9nario : Jorge Zentner) savent depuis toujours que <b>Rub\u00e9n Pellejero<\/b> serait un digne continuateur des aventures de <i>Corto Maltese, le marin aventurier cr\u00e9\u00e9 par Hugo Pratt.<\/i><\/p>\n<p class=\"p1\">D&rsquo;Istanbul \u00e0 Paris, en passant par l&rsquo;Inde, la Chine et Manaus, Dieter Lumpen vit onze aventures palpitantes, riches en situations tr\u00e8s vari\u00e9es, peupl\u00e9es d&rsquo;espions, de belles femmes et de m\u00e9chants en tous genres. Ce personnage si singulier \u00e9volue dans un univers exotique \u00e0 la recherche d&rsquo;aventures, mais sans doute aussi peut-\u00eatre \u00e0 la recherche de son propre destin.<\/p>\n<p class=\"p1\">La <strong>galerie Champaka<\/strong> propose une quinzaine de planches de celui que l&rsquo;on pourrait appeler le \u00ab petit fr\u00e8re \u00bb de Corto Maltese.<\/p>\n<hr>\n<h2 id=\"nl\" class=\"p1\"><em><b>\u00abDieter Lumpen\u00bb<\/b><\/em><\/h2>\n<p class=\"p1\">De lezers van <b><i>Dieter Lumpen<\/i><\/b> (scenario: Jorge Zentner) weten al lang dat <b>Ruben Pellejero <\/b>een waardig opvolger zou zijn voor de avonturen van <i>Corto Maltese<\/i>, de avontuurlijke zeeman gecre\u00eberd door Hugo Pratt.<\/p>\n<p class=\"p1\">Van Istanboel tot Parijs via India, China en Manaus beleefde Dieter Lumpen elf spannende avonturen, rijk aan erg gevarieerde toestanden, bevolkt door spionnen, mooie vrouwen en slechteriken allerhande. Dit zo aparte personage dwaalt rond in een exotische wereld op zoek naar avonturen, maar misschien ook wel op zoek naar zijn eigen lot.<\/p>\n<p class=\"p1\"><strong>Galerij Champaka<\/strong> stelt een vijftiental platen voor van wie men het \u201ckleine broertje\u201d van Corto Maltese zou kunnen noemen.<\/p>\n<hr>\n<h2 id=\"en\" class=\"p1\"><em><b>\u00abDieter Lumpen\u00bb<\/b><\/em><\/h2>\n<p class=\"p1\">Readers of <b><i>Dieter Lumpen<\/i><\/b> (written by Jorge Zentner) have always known that <b>Rub\u00e9n Pellejero<\/b> would make a worthy successor for the adventures of <i>Corto Maltese<\/i>, the sea-faring adventurer created by Hugo Pratt.<\/p>\n<p class=\"p1\">From Istanbul to Paris, via India, China, and Manaus, Dieter Lumpen experiences eleven thrilling adventures, rich in diverse situations, peopled with spies, beautiful women, and villains of all kinds. This unique character evolves in an exotic universe in search of adventure, but perhaps also in search of his own destiny.<\/p>\n<p class=\"p1\"><strong>Galerie Champaka<\/strong> is offering around fifteen original artworks featuring the man we could call the \u00ab\u00a0little brother\u00a0\u00bb of Corto Maltese.<\/p>\n","protected":false},"excerpt":{"rendered":"<p>\u00abDieter Lumpen\u00bb Exposition 10\/11 &gt; 24\/11\/2025 Les lecteurs de Dieter Lumpen (sc\u00e9nario : Jorge Zentner) savent depuis toujours que Rub\u00e9n Pellejero serait un digne continuateur des aventures de Corto Maltese, le marin aventurier cr\u00e9\u00e9 par Hugo Pratt. D&rsquo;Istanbul \u00e0 Paris, en passant par l&rsquo;Inde, la Chine et Manaus, Dieter Lumpen vit onze aventures palpitantes, riches [&hellip;]<\/p>\n","protected":false},"author":5,"featured_media":0,"parent":0,"menu_order":0,"comment_status":"closed","ping_status":"closed","template":"","meta":{"ngg_post_thumbnail":0,"footnotes":""},"categories":[],"tags":[],"class_list":["post-100265","page","type-page","status-publish","hentry"],"_links":{"self":[{"href":"https:\/\/www.galeriechampaka.com\/index.php?rest_route=\/wp\/v2\/pages\/100265","targetHints":{"allow":["GET"]}}],"collection":[{"href":"https:\/\/www.galeriechampaka.com\/index.php?rest_route=\/wp\/v2\/pages"}],"about":[{"href":"https:\/\/www.galeriechampaka.com\/index.php?rest_route=\/wp\/v2\/types\/page"}],"author":[{"embeddable":true,"href":"https:\/\/www.galeriechampaka.com\/index.php?rest_route=\/wp\/v2\/users\/5"}],"replies":[{"embeddable":true,"href":"https:\/\/www.galeriechampaka.com\/index.php?rest_route=%2Fwp%2Fv2%2Fcomments&post=100265"}],"version-history":[{"count":7,"href":"https:\/\/www.galeriechampaka.com\/index.php?rest_route=\/wp\/v2\/pages\/100265\/revisions"}],"predecessor-version":[{"id":100990,"href":"https:\/\/www.galeriechampaka.com\/index.php?rest_route=\/wp\/v2\/pages\/100265\/revisions\/100990"}],"wp:attachment":[{"href":"https:\/\/www.galeriechampaka.com\/index.php?rest_route=%2Fwp%2Fv2%2Fmedia&parent=100265"}],"wp:term":[{"taxonomy":"category","embeddable":true,"href":"https:\/\/www.galeriechampaka.com\/index.php?rest_route=%2Fwp%2Fv2%2Fcategories&post=100265"},{"taxonomy":"post_tag","embeddable":true,"href":"https:\/\/www.galeriechampaka.com\/index.php?rest_route=%2Fwp%2Fv2%2Ftags&post=100265"}],"curies":[{"name":"wp","href":"https:\/\/api.w.org\/{rel}","templated":true}]}}