{"id":100934,"date":"2026-02-15T21:31:01","date_gmt":"2026-02-15T20:31:01","guid":{"rendered":"https:\/\/www.galeriechampaka.com\/?page_id=100934"},"modified":"2026-04-17T15:40:04","modified_gmt":"2026-04-17T13:40:04","slug":"jean-claude-poirier","status":"publish","type":"page","link":"https:\/\/www.galeriechampaka.com\/?page_id=100934","title":{"rendered":"JEAN-CLAUDE POIRIER"},"content":{"rendered":"<h1 id=\"fr\" class=\"p1\">\u00abHorace, cheval de l\u2019Ouest\u00bb &amp; \u00abSupermatou\u00bb<\/h1>\n<h3 class=\"p3\"><span class=\"s1\">Exposition 05\/03 &gt; 21\/03\/2026<\/span><\/h3>\n<p><img loading=\"lazy\" decoding=\"async\" class=\"alignnone size-full wp-image-100935\" src=\"https:\/\/www.galeriechampaka.com\/wp-content\/uploads\/2026\/02\/COUV_HORACE_TOME1.png\" alt=\"Horace le cheval gris est assis sur les \u00e9paule d'un cow-boy sur le rebord d'un canyon, perch\u00e9 en haut d'un rocher pr\u00eat \u00e0 craquer au-dessus d'une sc\u00e8ne western de guerre entre cow-boys et colons, des animaux et le chaos en contrebas.\" width=\"1262\" height=\"1696\" srcset=\"https:\/\/www.galeriechampaka.com\/wp-content\/uploads\/2026\/02\/COUV_HORACE_TOME1.png 1262w, https:\/\/www.galeriechampaka.com\/wp-content\/uploads\/2026\/02\/COUV_HORACE_TOME1-223x300.png 223w, https:\/\/www.galeriechampaka.com\/wp-content\/uploads\/2026\/02\/COUV_HORACE_TOME1-762x1024.png 762w, https:\/\/www.galeriechampaka.com\/wp-content\/uploads\/2026\/02\/COUV_HORACE_TOME1-768x1032.png 768w, https:\/\/www.galeriechampaka.com\/wp-content\/uploads\/2026\/02\/COUV_HORACE_TOME1-1143x1536.png 1143w\" sizes=\"auto, (max-width: 1262px) 100vw, 1262px\" \/><\/p>\n<p class=\"p1\"><b>Jean-Claude Poirier<\/b> (1942-1980) reste, plus que jamais, un auteur singulier. Un atypique, comme Jean-Claude Forest. Un po\u00e8te, comme Fred. Les nombreux lecteurs du&nbsp;&nbsp;<b><i>Pif Gadget<\/i>&nbsp;<\/b>de la grande \u00e9poque se souviennent <b>d\u2019<i>Horace, le cheval de l\u2019Oues<\/i>t<\/b> et de<i> <\/i><b><i>Supermatou<\/i><\/b>. Les Editions Revival viennent de remettre ces deux s\u00e9ries \u00e0 l\u2019honneur avec quatre superbes volumes de pr\u00e8s de 300 pages.<span class=\"Apple-converted-space\">&nbsp;<\/span><\/p>\n<p class=\"p1\">La <b>Galerie Champaka<\/b> a l\u2019honneur d\u2019accueillir la premi\u00e8re expo-vente d\u00e9di\u00e9e \u00e0 ce g\u00e9nie fran\u00e7ais de la bd d\u2019humour&nbsp;! En pr\u00e9sentant d\u2019abord <i>Horace, cheval de l\u2019Ouest<\/i> (1970-78) dont le cavalier est un cow-boy sans nom&nbsp;! Un renversement des r\u00f4les sublim\u00e9 par une po\u00e9sie graphique et narrative qui sont la marque du g\u00e9nie de Poirier. Ensuite, <i>Supermatou<\/i> (1975-1980), un superh\u00e9ros anthropomorphe accompagn\u00e9 de son chien Robert. Le duo m\u00e8ne des enqu\u00eates aussi absurdes que d\u00e9lirantes.<span class=\"Apple-converted-space\">&nbsp;<\/span><\/p>\n<p class=\"p1\">Chaque planche originale de Jean-Claude Poirier t\u00e9moigne d\u2019un style reconnaissable entre tous, alliant po\u00e9sie graphique et narration burlesque.<span class=\"Apple-converted-space\">&nbsp;<\/span><\/p>\n<p class=\"p1\">Une \u0153uvre vraiment unique dans le paysage du 9em Art&nbsp;!<\/p>\n<p><img loading=\"lazy\" decoding=\"async\" class=\"alignnone size-full wp-image-100936\" src=\"https:\/\/www.galeriechampaka.com\/wp-content\/uploads\/2026\/02\/COUV_SUPERMATOU_Tome2.png\" alt=\"Couverture color\u00e9e d'une bande dessin\u00e9e repr\u00e9sentant un super-h\u00e9ros chat en col\u00e8re v\u00eatu d'une cape rouge au-dessus d'une ville pollu\u00e9e, avec des usines \u00e9mettant de la fum\u00e9e et des personnages observant la sc\u00e8ne depuis un toit et une fen\u00eatre.\" width=\"1400\" height=\"1877\" srcset=\"https:\/\/www.galeriechampaka.com\/wp-content\/uploads\/2026\/02\/COUV_SUPERMATOU_Tome2.png 1400w, https:\/\/www.galeriechampaka.com\/wp-content\/uploads\/2026\/02\/COUV_SUPERMATOU_Tome2-224x300.png 224w, https:\/\/www.galeriechampaka.com\/wp-content\/uploads\/2026\/02\/COUV_SUPERMATOU_Tome2-764x1024.png 764w, https:\/\/www.galeriechampaka.com\/wp-content\/uploads\/2026\/02\/COUV_SUPERMATOU_Tome2-768x1030.png 768w, https:\/\/www.galeriechampaka.com\/wp-content\/uploads\/2026\/02\/COUV_SUPERMATOU_Tome2-1146x1536.png 1146w\" sizes=\"auto, (max-width: 1400px) 100vw, 1400px\" \/><\/p>\n<hr>\n<h2 id=\"nl\" class=\"p1\"><i>\u00abHorace, cheval de l\u2019Ouest\u00bb &amp; \u00ab<i>Supermatou\u00bb<\/i><\/i><\/h2>\n<p class=\"p1\"><b>Jean-Claude Poirier<\/b> (1942-1980) is nu nog meer dan ooit een uitzonderlijk auteur. Een atypische figuur zoals Jean-Claude Forest. Een dichter als Fred.&nbsp; De talrijke lezers van <b><i>Pif Gadget<\/i><\/b> uit de gloriejaren herinneren zich <b><i>Horace, le cheval de l\u2019Ouest<\/i><\/b> en <b><i>Supermatou<\/i><\/b>. Uitgeverij Revival heeft net deze twee reeksen ge\u00eberd met vier schitterende boeken van haast 300 bladzijden.<\/p>\n<p class=\"p1\"><b>Galerij Champaka<\/b> heeft de eer de eerste verkoop-tentoonstelling te ontvangen van dit Frans genie van de humorstrip! Met op de eerste plaats <i>Horace, cheval de l\u2019Ouest<\/i> (1970-78) wiens ruiter een naamloze cowboy is! Een omkering van de rollen nog aangedikt met de grafische po\u00ebzie en verteltrend die het genie van Poirier zo kenmerken. Vervolgens <i>Supermatou <\/i>(1975-1980), een antropomorfe superheld vergezeld van zijn hond Robert. Het duo doet net zo absurde als hilarische onderzoeken.<\/p>\n<p class=\"p1\">Elke originele plaat van Jean-Claude Poirier getuigt van een duidelijk herkenbare stijl waarin grafische po\u00ebzie en burleske vertelling hand in hand gaan.<\/p>\n<p class=\"p1\">Een waarlijk uniek oeuvre in het landschap van de 9de Kunst!<\/p>\n<hr>\n<h2 id=\"en\" class=\"p1\"><i>\u00abHorace, cheval de l\u2019Ouest\u00bb &amp; \u00abSupermatou\u00bb<\/i><\/h2>\n<p class=\"p1\"><b>Jean-Claude Poirier<\/b> (1942-1980) remains, more than ever, a singular author. An atypical figure, like Jean-Claude Forest. A poet, like Fred. The many readers of <b><i>Pif Gadget<\/i> <\/b>from its heyday remember <b><i>Horace, le cheval de l\u2019Ouest<\/i><\/b>, and <b><i>Supermatou<\/i><\/b>. Revival Editions has just brought these two series back into the spotlight with four superb volumes of nearly 300 pages each.<\/p>\n<p class=\"p1\">The <b>Champaka Gallery<\/b> is honoured to host the first exhibition and sale dedicated to this French master of humour comics! The exhibition begins with <i>Horace, cheval de l\u2019Ouest<\/i> (1970-78), whose rider is a nameless cowboy! This role reversal is sublimated by a graphic and narrative poetry that is the hallmark of Poirier&rsquo;s genius. Next came <i>Supermatou<\/i> (1975-1980), an anthropomorphic superhero accompanied by his dog Robert. The duo conducts investigations that are as absurd as they are outlandish.<\/p>\n<p class=\"p1\">Each original page by Jean-Claude Poirier showcases his instantly recognisable style, combining visual poetics and burlesque storytelling.<\/p>\n<p class=\"p1\">A truly unique body of work in the world of comics!<\/p>\n<h2>Originaux<\/h2>\nngg_shortcode_0_placeholder\n<h2>Int\u00e9ress\u00e9 par une \u0153uvre?<\/h2>\n<p>Laissez-nous vos coordonn\u00e9es, nous vous recontacterons d\u00e8s que possible.<br \/>\n\n<div class=\"wpcf7 no-js\" id=\"wpcf7-f688-o1\" lang=\"fr-FR\" dir=\"ltr\" data-wpcf7-id=\"688\">\n<div class=\"screen-reader-response\"><p role=\"status\" aria-live=\"polite\" aria-atomic=\"true\"><\/p> <ul><\/ul><\/div>\n<form action=\"\/index.php?rest_route=%2Fwp%2Fv2%2Fpages%2F100934#wpcf7-f688-o1\" method=\"post\" class=\"wpcf7-form init\" aria-label=\"Formulaire de contact\" novalidate=\"novalidate\" data-status=\"init\">\n<fieldset class=\"hidden-fields-container\"><input type=\"hidden\" name=\"_wpcf7\" value=\"688\" \/><input type=\"hidden\" name=\"_wpcf7_version\" value=\"6.1.5\" \/><input type=\"hidden\" name=\"_wpcf7_locale\" value=\"fr_FR\" \/><input type=\"hidden\" name=\"_wpcf7_unit_tag\" value=\"wpcf7-f688-o1\" \/><input type=\"hidden\" name=\"_wpcf7_container_post\" value=\"0\" \/><input type=\"hidden\" name=\"_wpcf7_posted_data_hash\" value=\"\" \/>\n<\/fieldset>\n<p><label> Votre nom (*)<br \/>\n<span class=\"wpcf7-form-control-wrap\" data-name=\"your-name\"><input size=\"40\" maxlength=\"400\" class=\"wpcf7-form-control wpcf7-text wpcf7-validates-as-required\" autocomplete=\"name\" aria-required=\"true\" aria-invalid=\"false\" value=\"\" type=\"text\" name=\"your-name\" \/><\/span> <\/label>\n<\/p>\n<p><label> Votre e-mail (*)<br \/>\n<span class=\"wpcf7-form-control-wrap\" data-name=\"your-email\"><input size=\"40\" maxlength=\"400\" class=\"wpcf7-form-control wpcf7-email wpcf7-validates-as-required wpcf7-text wpcf7-validates-as-email\" autocomplete=\"email\" aria-required=\"true\" aria-invalid=\"false\" value=\"\" type=\"email\" name=\"your-email\" \/><\/span> <\/label>\n<\/p>\n<p><label>\u0152uvre choisie<br \/>\n<span class=\"wpcf7-form-control-wrap\" data-name=\"your-subject\"><input size=\"40\" maxlength=\"400\" class=\"wpcf7-form-control wpcf7-text\" aria-invalid=\"false\" value=\"\" type=\"text\" name=\"your-subject\" \/><\/span> <\/label>\n<\/p>\n<p><label>Votre demande<br \/>\n<span class=\"wpcf7-form-control-wrap\" data-name=\"your-message\"><textarea cols=\"40\" rows=\"10\" maxlength=\"2000\" class=\"wpcf7-form-control wpcf7-textarea\" aria-invalid=\"false\" name=\"your-message\"><\/textarea><\/span> <\/label>\n<\/p>\n<p><input class=\"wpcf7-form-control wpcf7-submit has-spinner\" type=\"submit\" value=\"Envoyer\" \/>\n<\/p>\n<p>Ce formulaire utilise Akismet pour r\u00e9duire le courrier ind\u00e9sirable. <a target=\"_blank\" rel=\"nofollow noopener\" href=\"https:\/\/akismet.com\/privacy\/\">D\u00e9couvrez comment vos donn\u00e9es sont trait\u00e9es.<\/a>\n<\/p><p style=\"display: none !important;\" class=\"akismet-fields-container\" data-prefix=\"_wpcf7_ak_\"><label>&#916;<textarea name=\"_wpcf7_ak_hp_textarea\" cols=\"45\" rows=\"8\" maxlength=\"100\"><\/textarea><\/label><input type=\"hidden\" id=\"ak_js_1\" name=\"_wpcf7_ak_js\" value=\"194\"\/><script type=\"text\/javascript\">\n\/* <![CDATA[ *\/\ndocument.getElementById( \"ak_js_1\" ).setAttribute( \"value\", ( new Date() ).getTime() );\n\/* ]]> *\/\n<\/script>\n<\/p><div class=\"wpcf7-response-output\" aria-hidden=\"true\"><\/div>\n<\/form>\n<\/div>\n<\/p>\n","protected":false},"excerpt":{"rendered":"<p>Exposition \u00abHorace, cheval de l\u2019Ouest\u00bb &#038; \u00abSupermatou\u00bb &#8211; 05\/03 > 21\/03\/2026<\/p>\n","protected":false},"author":5,"featured_media":100936,"parent":0,"menu_order":0,"comment_status":"closed","ping_status":"closed","template":"","meta":{"ngg_post_thumbnail":0,"footnotes":""},"categories":[],"tags":[],"class_list":["post-100934","page","type-page","status-publish","has-post-thumbnail","hentry"],"_links":{"self":[{"href":"https:\/\/www.galeriechampaka.com\/index.php?rest_route=\/wp\/v2\/pages\/100934","targetHints":{"allow":["GET"]}}],"collection":[{"href":"https:\/\/www.galeriechampaka.com\/index.php?rest_route=\/wp\/v2\/pages"}],"about":[{"href":"https:\/\/www.galeriechampaka.com\/index.php?rest_route=\/wp\/v2\/types\/page"}],"author":[{"embeddable":true,"href":"https:\/\/www.galeriechampaka.com\/index.php?rest_route=\/wp\/v2\/users\/5"}],"replies":[{"embeddable":true,"href":"https:\/\/www.galeriechampaka.com\/index.php?rest_route=%2Fwp%2Fv2%2Fcomments&post=100934"}],"version-history":[{"count":5,"href":"https:\/\/www.galeriechampaka.com\/index.php?rest_route=\/wp\/v2\/pages\/100934\/revisions"}],"predecessor-version":[{"id":101334,"href":"https:\/\/www.galeriechampaka.com\/index.php?rest_route=\/wp\/v2\/pages\/100934\/revisions\/101334"}],"wp:featuredmedia":[{"embeddable":true,"href":"https:\/\/www.galeriechampaka.com\/index.php?rest_route=\/wp\/v2\/media\/100936"}],"wp:attachment":[{"href":"https:\/\/www.galeriechampaka.com\/index.php?rest_route=%2Fwp%2Fv2%2Fmedia&parent=100934"}],"wp:term":[{"taxonomy":"category","embeddable":true,"href":"https:\/\/www.galeriechampaka.com\/index.php?rest_route=%2Fwp%2Fv2%2Fcategories&post=100934"},{"taxonomy":"post_tag","embeddable":true,"href":"https:\/\/www.galeriechampaka.com\/index.php?rest_route=%2Fwp%2Fv2%2Ftags&post=100934"}],"curies":[{"name":"wp","href":"https:\/\/api.w.org\/{rel}","templated":true}]}}