{"id":101128,"date":"2026-03-12T21:20:36","date_gmt":"2026-03-12T20:20:36","guid":{"rendered":"https:\/\/www.galeriechampaka.com\/?page_id=101128"},"modified":"2026-04-20T23:04:38","modified_gmt":"2026-04-20T21:04:38","slug":"richard-guerineau","status":"publish","type":"page","link":"https:\/\/www.galeriechampaka.com\/?page_id=101128","title":{"rendered":"RICHARD GU\u00c9RINEAU"},"content":{"rendered":"<h1 id=\"fr\" class=\"p1\">\u00abL&rsquo;Ombre des Lumi\u00e8res\u00bb<\/h1>\n<h3 class=\"p3\"><span class=\"s1\">Exposition 27\/03 &gt; 18\/04\/2026<\/span><\/h3>\n<p><img loading=\"lazy\" decoding=\"async\" class=\"alignnone size-full wp-image-101129\" src=\"https:\/\/www.galeriechampaka.com\/wp-content\/uploads\/2026\/03\/GUERINEAU-72.jpg\" alt=\"Illustration de Richard Gu\u00e9rineau en noir et blanc d\u2019une sc\u00e8ne dans un jardin du XVIII\u1d49 si\u00e8cle : un homme observe une femme en robe lisant une lettre pr\u00e8s d\u2019une statue d\u2019angelot.\" width=\"2000\" height=\"1408\" srcset=\"https:\/\/www.galeriechampaka.com\/wp-content\/uploads\/2026\/03\/GUERINEAU-72.jpg 2000w, https:\/\/www.galeriechampaka.com\/wp-content\/uploads\/2026\/03\/GUERINEAU-72-300x211.jpg 300w, https:\/\/www.galeriechampaka.com\/wp-content\/uploads\/2026\/03\/GUERINEAU-72-1024x721.jpg 1024w, https:\/\/www.galeriechampaka.com\/wp-content\/uploads\/2026\/03\/GUERINEAU-72-768x541.jpg 768w, https:\/\/www.galeriechampaka.com\/wp-content\/uploads\/2026\/03\/GUERINEAU-72-1536x1081.jpg 1536w\" sizes=\"auto, (max-width: 2000px) 100vw, 2000px\" \/><\/p>\n<p class=\"p1\">D\u2019une exceptionnelle qualit\u00e9 sc\u00e9naristique et graphique, <b><i>L\u2019Ombre des Lumi\u00e8res<\/i><\/b> a marqu\u00e9 les lecteurs&nbsp;! \u00c0 la barre de ce cycle de trois albums, deux signatures d\u2019exception&nbsp;: <b>Alain Ayroles<\/b>, le sc\u00e9nariste des <i>Indes fourbes<\/i>, et <b>Richard Gu\u00e9rineau<\/b>, un ma\u00eetre de la bande dessin\u00e9e historique dont le trait tout en finesse est reconnaissable entre tous. Pour beaucoup, il serait le digne h\u00e9ritier du regrett\u00e9 Andr\u00e9 Juillard. Le XVIIIe si\u00e8cle, celui des Lumi\u00e8res et la conqu\u00eate du Canada par les Fran\u00e7ais, sont ici ses jardins d\u2019excellence.<\/p>\n<p class=\"p1\">Le propos comme le dessin sont jouissifs. Le chevalier Saint-Sauveur est d\u00e9termin\u00e9 \u00e0 poss\u00e9der Mme Eunice de Clairefont\u2026 et \u00e0 marier l&rsquo;innocente Aim\u00e9e d&rsquo;Archambaud \u00e0 un Iroquois !<span class=\"Apple-converted-space\">&nbsp; <\/span>Vice d&rsquo;un homme, vice d&rsquo;une \u00e9poque. Le r\u00e9cit, passionnant, suit la correspondance de Saint-Sauveur et dessine l&rsquo;effarant portrait d&rsquo;un malfaisant hors norme, le tout dans des d\u00e9cors vari\u00e9s, m\u00e9ticuleusement reconstitu\u00e9s.<span class=\"Apple-converted-space\">&nbsp;<\/span><\/p>\n<p class=\"p1\">La <b>Galerie Champaka<\/b> expose les plus belles planches de <i>L\u2019Ombre des Lumi\u00e8res<\/i>. R\u00e9parties assassines et dialogues cisel\u00e9s sont mis en sc\u00e8ne avec brio par Gu\u00e9rineau. Chaque case est une miniature compos\u00e9e avec une sensualit\u00e9 qui rappelle celle du Paul Cuvelier de la grande \u00e9poque.<\/p>\n<hr>\n<h2 id=\"nl\" class=\"p1\"><i>\u00ab<b>De Schaduw van de Verlichting<\/b>\u00bb<\/i><\/h2>\n<p class=\"p1\">Met zijn uitzonderlijke grafische en vertelkwaliteiten heeft <b><i>De Schaduw van de Verlichting<\/i><\/b> de lezers getroffen! Aan het roer van deze cyclus van drie albums staan twee buitengewone auteurs: <b>Alain Ayroles<\/b>, de scenarist van <i>Het Goud van de Zwendelaar<\/i>, en <b>Richard Gu\u00e9rineau<\/b>, een meester van het historisch stripverhaal wiens fijne lijnvoering herkenbaar is tussen alle andere. Voor velen zou hij de waardige opvolger zijn van de betreurde Andr\u00e9 Juillard. De XVIIIde eeuw met zijn verlichting en de verovering van Canada door de Fransen, zijn hier zijn uitverkoren speelterrein.<\/p>\n<p class=\"p1\">De teksten zijn al net zo verrukkelijk als de tekeningen. Ridder Saint-Sauveur is vastbesloten mevr. Eunice de Clairefont te hebben\u2026 en de onschuldige Aim\u00e9e d\u2019Archambaud aan een Irokees uit te huwen! De ondeugd van een man, de ondeugd van een tijdperk. Het passionele verhaal volgt de correspondentie van Saint-Sauveur en schildert het onthutsende portret van een onovertroffen schurk. En dat alles in verschillende, zorgvuldig gereconstrueerde decors.<\/p>\n<p class=\"p1\"><b>Galerij Champaka<\/b> stelt de mooiste platen ten toon uit <i>De Schaduw van de Verlichting<\/i>. Snedige antwoorden en scherpe dialogen worden schitterend in beeld gebracht door Gu\u00e9rineau. Elke prent is een miniatuur die met grote gevoeligheid werd getekend en waarvan de sensualiteit aan Paul Cuvelier in zijn glorietijd doet denken.<\/p>\n<hr>\n<h2 id=\"en\" class=\"p1\"><i>\u00ab<b>L\u2019Ombre des Lumi\u00e8res<\/b>\u00bb<\/i><\/h2>\n<p class=\"p1\">With its exceptional storytelling and artwork, <b><i>L\u2019Ombre des Lumi\u00e8res<\/i><\/b> has captivated readers! At the helm of this three-volume series are two exceptional talents: <b>Alain Ayroles<\/b>, the writer of <i>Indes fourbes<\/i>, and <b>Richard Gu\u00e9rineau<\/b>, a master of historical comics whose exquisitely refined style is instantly recognisable. For many, he is the worthy successor to the late Andr\u00e9 Juillard. The 18th century, the Age of Enlightenment and the French conquest of Canada, are his areas of expertise.<\/p>\n<p class=\"p1\">Both the narrative and the artwork are delightful. The Chevalier Saint-Sauveur is determined to possess Madame Eunice de Clairefont\u2026 and to marry the innocent Aim\u00e9e d&rsquo;Archambaud to an Iroquois! A man&rsquo;s vice, a vice of an era. The gripping narrative follows Saint-Sauveur&rsquo;s correspondence and paints a chilling portrait of an extraordinary villain, all set against a backdrop of meticulously recreated and varied settings.<\/p>\n<p class=\"p1\">The <b>Galerie Champaka<\/b> is exhibiting the finest pages from <i>L\u2019Ombre des Lumi\u00e8res<\/i>. Razor-sharp repartee and finely crafted dialogue are brought to life with brio by Gu\u00e9rineau. His every panel is a miniature masterpiece, composed with a sensuality reminiscent of Paul Cuvelier&rsquo;s work in its heyday.<\/p>\n<h2>Originaux<\/h2>\nngg_shortcode_0_placeholder\n<h2>Int\u00e9ress\u00e9 par une \u0153uvre?<\/h2>\n<p>Laissez-nous vos coordonn\u00e9es, nous vous recontacterons d\u00e8s que possible.<br \/>\n\n<div class=\"wpcf7 no-js\" id=\"wpcf7-f688-o1\" lang=\"fr-FR\" dir=\"ltr\" data-wpcf7-id=\"688\">\n<div class=\"screen-reader-response\"><p role=\"status\" aria-live=\"polite\" aria-atomic=\"true\"><\/p> <ul><\/ul><\/div>\n<form action=\"\/index.php?rest_route=%2Fwp%2Fv2%2Fpages%2F101128#wpcf7-f688-o1\" method=\"post\" class=\"wpcf7-form init\" aria-label=\"Formulaire de contact\" novalidate=\"novalidate\" data-status=\"init\">\n<fieldset class=\"hidden-fields-container\"><input type=\"hidden\" name=\"_wpcf7\" value=\"688\" \/><input type=\"hidden\" name=\"_wpcf7_version\" value=\"6.1.5\" \/><input type=\"hidden\" name=\"_wpcf7_locale\" value=\"fr_FR\" \/><input type=\"hidden\" name=\"_wpcf7_unit_tag\" value=\"wpcf7-f688-o1\" \/><input type=\"hidden\" name=\"_wpcf7_container_post\" value=\"0\" \/><input type=\"hidden\" name=\"_wpcf7_posted_data_hash\" value=\"\" \/>\n<\/fieldset>\n<p><label> Votre nom (*)<br \/>\n<span class=\"wpcf7-form-control-wrap\" data-name=\"your-name\"><input size=\"40\" maxlength=\"400\" class=\"wpcf7-form-control wpcf7-text wpcf7-validates-as-required\" autocomplete=\"name\" aria-required=\"true\" aria-invalid=\"false\" value=\"\" type=\"text\" name=\"your-name\" \/><\/span> <\/label>\n<\/p>\n<p><label> Votre e-mail (*)<br \/>\n<span class=\"wpcf7-form-control-wrap\" data-name=\"your-email\"><input size=\"40\" maxlength=\"400\" class=\"wpcf7-form-control wpcf7-email wpcf7-validates-as-required wpcf7-text wpcf7-validates-as-email\" autocomplete=\"email\" aria-required=\"true\" aria-invalid=\"false\" value=\"\" type=\"email\" name=\"your-email\" \/><\/span> <\/label>\n<\/p>\n<p><label>\u0152uvre choisie<br \/>\n<span class=\"wpcf7-form-control-wrap\" data-name=\"your-subject\"><input size=\"40\" maxlength=\"400\" class=\"wpcf7-form-control wpcf7-text\" aria-invalid=\"false\" value=\"\" type=\"text\" name=\"your-subject\" \/><\/span> <\/label>\n<\/p>\n<p><label>Votre demande<br \/>\n<span class=\"wpcf7-form-control-wrap\" data-name=\"your-message\"><textarea cols=\"40\" rows=\"10\" maxlength=\"2000\" class=\"wpcf7-form-control wpcf7-textarea\" aria-invalid=\"false\" name=\"your-message\"><\/textarea><\/span> <\/label>\n<\/p>\n<p><input class=\"wpcf7-form-control wpcf7-submit has-spinner\" type=\"submit\" value=\"Envoyer\" \/>\n<\/p>\n<p>Ce formulaire utilise Akismet pour r\u00e9duire le courrier ind\u00e9sirable. <a target=\"_blank\" rel=\"nofollow noopener\" href=\"https:\/\/akismet.com\/privacy\/\">D\u00e9couvrez comment vos donn\u00e9es sont trait\u00e9es.<\/a>\n<\/p><p style=\"display: none !important;\" class=\"akismet-fields-container\" data-prefix=\"_wpcf7_ak_\"><label>&#916;<textarea name=\"_wpcf7_ak_hp_textarea\" cols=\"45\" rows=\"8\" maxlength=\"100\"><\/textarea><\/label><input type=\"hidden\" id=\"ak_js_1\" name=\"_wpcf7_ak_js\" value=\"151\"\/><script type=\"text\/javascript\">\n\/* <![CDATA[ *\/\ndocument.getElementById( \"ak_js_1\" ).setAttribute( \"value\", ( new Date() ).getTime() );\n\/* ]]> *\/\n<\/script>\n<\/p><div class=\"wpcf7-response-output\" aria-hidden=\"true\"><\/div>\n<\/form>\n<\/div>\n<\/p>\n","protected":false},"excerpt":{"rendered":"<p>Exposition \u00abL&rsquo;Ombre des Lumi\u00e8res\u00bb &#8211; 27\/03 > 18\/04\/2026<\/p>\n","protected":false},"author":5,"featured_media":101129,"parent":0,"menu_order":0,"comment_status":"closed","ping_status":"closed","template":"","meta":{"ngg_post_thumbnail":0,"footnotes":""},"categories":[],"tags":[],"class_list":["post-101128","page","type-page","status-publish","has-post-thumbnail","hentry"],"_links":{"self":[{"href":"https:\/\/www.galeriechampaka.com\/index.php?rest_route=\/wp\/v2\/pages\/101128","targetHints":{"allow":["GET"]}}],"collection":[{"href":"https:\/\/www.galeriechampaka.com\/index.php?rest_route=\/wp\/v2\/pages"}],"about":[{"href":"https:\/\/www.galeriechampaka.com\/index.php?rest_route=\/wp\/v2\/types\/page"}],"author":[{"embeddable":true,"href":"https:\/\/www.galeriechampaka.com\/index.php?rest_route=\/wp\/v2\/users\/5"}],"replies":[{"embeddable":true,"href":"https:\/\/www.galeriechampaka.com\/index.php?rest_route=%2Fwp%2Fv2%2Fcomments&post=101128"}],"version-history":[{"count":3,"href":"https:\/\/www.galeriechampaka.com\/index.php?rest_route=\/wp\/v2\/pages\/101128\/revisions"}],"predecessor-version":[{"id":101342,"href":"https:\/\/www.galeriechampaka.com\/index.php?rest_route=\/wp\/v2\/pages\/101128\/revisions\/101342"}],"wp:featuredmedia":[{"embeddable":true,"href":"https:\/\/www.galeriechampaka.com\/index.php?rest_route=\/wp\/v2\/media\/101129"}],"wp:attachment":[{"href":"https:\/\/www.galeriechampaka.com\/index.php?rest_route=%2Fwp%2Fv2%2Fmedia&parent=101128"}],"wp:term":[{"taxonomy":"category","embeddable":true,"href":"https:\/\/www.galeriechampaka.com\/index.php?rest_route=%2Fwp%2Fv2%2Fcategories&post=101128"},{"taxonomy":"post_tag","embeddable":true,"href":"https:\/\/www.galeriechampaka.com\/index.php?rest_route=%2Fwp%2Fv2%2Ftags&post=101128"}],"curies":[{"name":"wp","href":"https:\/\/api.w.org\/{rel}","templated":true}]}}