{"id":101308,"date":"2026-04-07T20:46:00","date_gmt":"2026-04-07T18:46:00","guid":{"rendered":"https:\/\/www.galeriechampaka.com\/?page_id=101308"},"modified":"2026-04-22T22:35:25","modified_gmt":"2026-04-22T20:35:25","slug":"olivier-taduc","status":"publish","type":"page","link":"https:\/\/www.galeriechampaka.com\/?page_id=101308","title":{"rendered":"OLIVIER TADUC"},"content":{"rendered":"<h1 id=\"fr\" class=\"p1\">\u00abXIII Trilogy &#8211; Jones\u00bb<\/h1>\n<h3 class=\"p3\"><span class=\"s1\">Exposition 23\/04 &gt; 16\/05\/2026<\/span><\/h3>\n<p><img loading=\"lazy\" decoding=\"async\" class=\"alignnone size-full wp-image-101309\" src=\"https:\/\/www.galeriechampaka.com\/wp-content\/uploads\/2026\/04\/TADUC-03.jpg\" alt=\"Illustration d'Olivier TaDuc en couleur repr\u00e9sentant une femme soldat de face tenant un fusil sur un bateau, avec une mer agit\u00e9e et une \u00eele en arri\u00e8re-plan.\" width=\"1430\" height=\"2000\" srcset=\"https:\/\/www.galeriechampaka.com\/wp-content\/uploads\/2026\/04\/TADUC-03.jpg 1430w, https:\/\/www.galeriechampaka.com\/wp-content\/uploads\/2026\/04\/TADUC-03-215x300.jpg 215w, https:\/\/www.galeriechampaka.com\/wp-content\/uploads\/2026\/04\/TADUC-03-732x1024.jpg 732w, https:\/\/www.galeriechampaka.com\/wp-content\/uploads\/2026\/04\/TADUC-03-768x1074.jpg 768w, https:\/\/www.galeriechampaka.com\/wp-content\/uploads\/2026\/04\/TADUC-03-1098x1536.jpg 1098w\" sizes=\"auto, (max-width: 1430px) 100vw, 1430px\" \/><\/p>\n<p class=\"p1\"><b>Jones<\/b> est l\u2019un des personnages les plus fascinants de <b><i>XIII<\/i><\/b>, la mythique saga cr\u00e9\u00e9e par<span class=\"Apple-converted-space\">&nbsp; <\/span>Jean <b>Van Hamme<\/b> et William <b>Vance<\/b>&nbsp;!<span class=\"Apple-converted-space\">&nbsp;<\/span><\/p>\n<p class=\"p1\">Paru entre 2023 et 2025, <b><i>XIII Trilogy \u2013 Jones<\/i> <\/b>(Ed. Dargaud) est men\u00e9 de main de ma\u00eetre par <b>Yann <\/b>(sc\u00e9nario)<b> <\/b>et <b>TaDuc <\/b>(dessin). Le duo y l\u00e8ve le voile sur le destin d\u2019une femme pas comme les autres&nbsp;! Un pass\u00e9 truff\u00e9 de surprises qui combine thriller militaire, introspection familiale et d\u00e9cryptage de l\u2019Am\u00e9rique.<span class=\"Apple-converted-space\">&nbsp;<\/span><\/p>\n<p class=\"p1\">Pour magnifier ce sc\u00e9nario \u00e0 multiples facettes, Olivier TaDuc s\u2019imposait. Chacun se souviendra de <i>Jonathan Fly<\/i> (sc\u00e9nario&nbsp;: Brunschwig), <i>Chinaman<\/i>&nbsp;et <i>Griffe blanche<\/i> (cosc\u00e9naris\u00e9s avec Le Tendre). Plac\u00e9 sous haute-tension, int\u00e9rieure et ext\u00e9rieure, <i>XIII Trilogy &#8211; Jones<span class=\"Apple-converted-space\">&nbsp;<\/span><\/i> est une nouvelle preuve de la maestria de TaDuc pour les sc\u00e8nes d&rsquo;action et les temp\u00eates int\u00e9rieures.<\/p>\n<p class=\"p1\">La <b>Galerie Champaka<\/b> a le privil\u00e8ge de pr\u00e9senter, pour la premi\u00e8re fois, des originaux des trois albums. Chacun t\u00e9moigne de la force et de l\u2019efficacit\u00e9 graphiques de la \u00ab&nbsp;griffe&nbsp;\u00bb TaDuc&nbsp;!<\/p>\n<hr>\n<h2 id=\"nl\" class=\"p1\"><i>\u00ab<b>XIII Trilogie &#8211; Jones<\/b>\u00bb<\/i><\/h2>\n<p class=\"p1\"><b>Jones<\/b> is een van de meest fascinerende personages uit<b><i> XIII<\/i><\/b>, de mythische saga gecre\u00eberd door Jean <b>Van Hamme<\/b> en William<b> Vance<\/b>!<\/p>\n<p class=\"p1\">De <b><i>XIII trilogie &#8211; Jones<\/i><\/b>, verschenen tussen 2023 en 2025, werd meesterlijk gebracht door <b>Yann<\/b> (scenario) en <b>TaDuc<\/b> (tekeningen). Het duo licht de sluier over het lot van een vrouw als geen andere! Een verleden vol verrassingen waarin militaire thriller en familiale bezinning worden gecombineerd met een ontcijfering van Amerika.<\/p>\n<p class=\"p1\">Olivier TaDuc was de aangewezen tekenaar om dit veelzijdige scenario nog te versterken. Iedereen herinnert zich Jonathan Fly (scenario: Brunschwig), Chinaman en De Tijger Ontwaakt (co-scenario met Le Tendre). Onder hoogspanning van binnen en van buiten uit is de XIII trilogie \u2013 Jones het nieuwe bewijs van het meesterschap van TaDuc voor actiesc\u00e8nes en innerlijke wervelstormen.<\/p>\n<p class=\"p1\"><b>Galerij Champaka<\/b> heeft het voorrecht voor het eerst originelen voor te stellen uit deze drie albums. Elke plaat getuigt van de grafische kracht en effici\u00ebntie van de \u201cTijger\u201d TaDuc!<\/p>\n<hr>\n<h2 id=\"en\" class=\"p1\"><i>\u00ab<b>XIII Trilogy &#8211; Jones<\/b>\u00bb<\/i><\/h2>\n<p class=\"p1\"><b>Jones<\/b> is one of the most fascinating characters in <b><i>XIII<\/i><\/b>, the legendary saga created by Jean <b>Van Hamme<\/b> and William <b>Vance<\/b>!<\/p>\n<p class=\"p1\">Published between 2023 and 2025, <b><i>XIII Trilogy \u2013 Jones<\/i><\/b> (Dargaud) is masterfully crafted by <b>Yann<\/b> (script) and<b> TaDuc<\/b> (art). The duo unveils the destiny of a woman unlike any other! A past full of surprises that combines military thriller, family introspection, and an exploration of America.<\/p>\n<p class=\"p1\">To bring out the best in this multifaceted story, Olivier TaDuc was the obvious choice. Everyone will remember his <i>Jonathan Fly<\/i> (script: Brunschwig), <i>Chinaman<\/i>, and <i>Griffe blanche<\/i> (co-written with Le Tendre). Filled with intense tension, both internal and external,<i> XIII Trilogy \u2013 Jones<\/i> is further proof of TaDuc&rsquo;s mastery of action scenes and emotional turmoil.<\/p>\n<p class=\"p1\">The <b>Champaka Gallery<\/b> is privileged to present, for the first time, original artwork from all three albums. Each piece testifies to the graphic power and effectiveness of TaDuc&rsquo;s distinctive style!<\/p>\n<h2>Originaux<\/h2>\nngg_shortcode_0_placeholder\n<h2>Int\u00e9ress\u00e9 par une \u0153uvre?<\/h2>\n<p>Laissez-nous vos coordonn\u00e9es, nous vous recontacterons d\u00e8s que possible.<br \/>\n\n<div class=\"wpcf7 no-js\" id=\"wpcf7-f688-o1\" lang=\"fr-FR\" dir=\"ltr\" data-wpcf7-id=\"688\">\n<div class=\"screen-reader-response\"><p role=\"status\" aria-live=\"polite\" aria-atomic=\"true\"><\/p> <ul><\/ul><\/div>\n<form action=\"\/index.php?rest_route=%2Fwp%2Fv2%2Fpages%2F101308#wpcf7-f688-o1\" method=\"post\" class=\"wpcf7-form init\" aria-label=\"Formulaire de contact\" novalidate=\"novalidate\" data-status=\"init\">\n<fieldset class=\"hidden-fields-container\"><input type=\"hidden\" name=\"_wpcf7\" value=\"688\" \/><input type=\"hidden\" name=\"_wpcf7_version\" value=\"6.1.5\" \/><input type=\"hidden\" name=\"_wpcf7_locale\" value=\"fr_FR\" \/><input type=\"hidden\" name=\"_wpcf7_unit_tag\" value=\"wpcf7-f688-o1\" \/><input type=\"hidden\" name=\"_wpcf7_container_post\" value=\"0\" \/><input type=\"hidden\" name=\"_wpcf7_posted_data_hash\" value=\"\" \/>\n<\/fieldset>\n<p><label> Votre nom (*)<br \/>\n<span class=\"wpcf7-form-control-wrap\" data-name=\"your-name\"><input size=\"40\" maxlength=\"400\" class=\"wpcf7-form-control wpcf7-text wpcf7-validates-as-required\" autocomplete=\"name\" aria-required=\"true\" aria-invalid=\"false\" value=\"\" type=\"text\" name=\"your-name\" \/><\/span> <\/label>\n<\/p>\n<p><label> Votre e-mail (*)<br \/>\n<span class=\"wpcf7-form-control-wrap\" data-name=\"your-email\"><input size=\"40\" maxlength=\"400\" class=\"wpcf7-form-control wpcf7-email wpcf7-validates-as-required wpcf7-text wpcf7-validates-as-email\" autocomplete=\"email\" aria-required=\"true\" aria-invalid=\"false\" value=\"\" type=\"email\" name=\"your-email\" \/><\/span> <\/label>\n<\/p>\n<p><label>\u0152uvre choisie<br \/>\n<span class=\"wpcf7-form-control-wrap\" data-name=\"your-subject\"><input size=\"40\" maxlength=\"400\" class=\"wpcf7-form-control wpcf7-text\" aria-invalid=\"false\" value=\"\" type=\"text\" name=\"your-subject\" \/><\/span> <\/label>\n<\/p>\n<p><label>Votre demande<br \/>\n<span class=\"wpcf7-form-control-wrap\" data-name=\"your-message\"><textarea cols=\"40\" rows=\"10\" maxlength=\"2000\" class=\"wpcf7-form-control wpcf7-textarea\" aria-invalid=\"false\" name=\"your-message\"><\/textarea><\/span> <\/label>\n<\/p>\n<p><input class=\"wpcf7-form-control wpcf7-submit has-spinner\" type=\"submit\" value=\"Envoyer\" \/>\n<\/p>\n<p>Ce formulaire utilise Akismet pour r\u00e9duire le courrier ind\u00e9sirable. <a target=\"_blank\" rel=\"nofollow noopener\" href=\"https:\/\/akismet.com\/privacy\/\">D\u00e9couvrez comment vos donn\u00e9es sont trait\u00e9es.<\/a>\n<\/p><p style=\"display: none !important;\" class=\"akismet-fields-container\" data-prefix=\"_wpcf7_ak_\"><label>&#916;<textarea name=\"_wpcf7_ak_hp_textarea\" cols=\"45\" rows=\"8\" maxlength=\"100\"><\/textarea><\/label><input type=\"hidden\" id=\"ak_js_1\" name=\"_wpcf7_ak_js\" value=\"106\"\/><script type=\"text\/javascript\">\n\/* <![CDATA[ *\/\ndocument.getElementById( \"ak_js_1\" ).setAttribute( \"value\", ( new Date() ).getTime() );\n\/* ]]> *\/\n<\/script>\n<\/p><div class=\"wpcf7-response-output\" aria-hidden=\"true\"><\/div>\n<\/form>\n<\/div>\n<\/p>\n","protected":false},"excerpt":{"rendered":"<p>\u00abXIII Trilogy &#8211; Jones\u00bb Exposition 23\/04 &gt; 16\/05\/2026 Jones est l\u2019un des personnages les plus fascinants de XIII, la mythique saga cr\u00e9\u00e9e par&nbsp; Jean Van Hamme et William Vance&nbsp;!&nbsp; Paru entre 2023 et 2025, XIII Trilogy \u2013 Jones (Ed. Dargaud) est men\u00e9 de main de ma\u00eetre par Yann (sc\u00e9nario) et TaDuc (dessin). Le duo y [&hellip;]<\/p>\n","protected":false},"author":5,"featured_media":0,"parent":0,"menu_order":0,"comment_status":"closed","ping_status":"closed","template":"","meta":{"ngg_post_thumbnail":0,"footnotes":""},"categories":[],"tags":[],"class_list":["post-101308","page","type-page","status-publish","hentry"],"_links":{"self":[{"href":"https:\/\/www.galeriechampaka.com\/index.php?rest_route=\/wp\/v2\/pages\/101308","targetHints":{"allow":["GET"]}}],"collection":[{"href":"https:\/\/www.galeriechampaka.com\/index.php?rest_route=\/wp\/v2\/pages"}],"about":[{"href":"https:\/\/www.galeriechampaka.com\/index.php?rest_route=\/wp\/v2\/types\/page"}],"author":[{"embeddable":true,"href":"https:\/\/www.galeriechampaka.com\/index.php?rest_route=\/wp\/v2\/users\/5"}],"replies":[{"embeddable":true,"href":"https:\/\/www.galeriechampaka.com\/index.php?rest_route=%2Fwp%2Fv2%2Fcomments&post=101308"}],"version-history":[{"count":2,"href":"https:\/\/www.galeriechampaka.com\/index.php?rest_route=\/wp\/v2\/pages\/101308\/revisions"}],"predecessor-version":[{"id":101345,"href":"https:\/\/www.galeriechampaka.com\/index.php?rest_route=\/wp\/v2\/pages\/101308\/revisions\/101345"}],"wp:attachment":[{"href":"https:\/\/www.galeriechampaka.com\/index.php?rest_route=%2Fwp%2Fv2%2Fmedia&parent=101308"}],"wp:term":[{"taxonomy":"category","embeddable":true,"href":"https:\/\/www.galeriechampaka.com\/index.php?rest_route=%2Fwp%2Fv2%2Fcategories&post=101308"},{"taxonomy":"post_tag","embeddable":true,"href":"https:\/\/www.galeriechampaka.com\/index.php?rest_route=%2Fwp%2Fv2%2Ftags&post=101308"}],"curies":[{"name":"wp","href":"https:\/\/api.w.org\/{rel}","templated":true}]}}