{"id":10749,"date":"2019-02-06T10:51:58","date_gmt":"2019-02-06T09:51:58","guid":{"rendered":"https:\/\/www.galeriechampaka.com\/?page_id=10749"},"modified":"2019-03-09T15:28:27","modified_gmt":"2019-03-09T14:28:27","slug":"sorel-preview","status":"publish","type":"page","link":"https:\/\/www.galeriechampaka.com\/?page_id=10749","title":{"rendered":"Guillaume Sorel"},"content":{"rendered":"\n<h3 class=\"wp-block-heading\"><strong>Exposition-vente <em>Les Chemins du Fantastique<\/em><\/strong><\/h3>\n\n\n\n<p>Exposition du 14\/02 au 16\/03\/2019<\/p>\n\n\n\n<hr class=\"wp-block-separator\"\/>\n\n\n\n<p>Depuis le d\u00e9but des ann\u00e9es 90, <strong>Guillaume Sorel<\/strong> trace sa voie en dehors des modes et des mod\u00e8les. Ses bandes dessin\u00e9es, nourries \u00e0 la litt\u00e9rature fantastique &#8211; Poe, Lovecraft ou Maupassant -, d\u00e9veloppent un style reconnaissable entre tous. Port\u00e9 par une aisance rare, il arpente \u00e9galement les terres du myst\u00e8re avec des illustrations alliant compositions \u00e9poustouflantes et couleurs envo\u00fbtantes. Paru fin 2018, le beau livre <strong><em>Les Chemins du fantastique<\/em><\/strong> pr\u00e9sente les illustrations les plus r\u00e9centes. <br>La <strong>galerie Champaka<\/strong> a le privil\u00e8ge d\u2019accueillir \u00e0 ses cimaises une magnifique s\u00e9rie d\u2019originaux couleurs, de grand format, du plus grand dessinateur fran\u00e7ais actuel dans le domaine du fantastique.<\/p>\n\n\n\n<hr class=\"wp-block-separator\"\/>\n\n\n\n<p>Sinds het begin van de jaren 90 baant <strong>Guillaume Sorel<\/strong> zich een weg ver van modes en modellen. Zijn strips, gevoed door de fantastische literatuur \u2013Poe, Lovecraft of Maupasant- hebben een stijl die meteen herkenbaar is tussen al de rest. Met een zeldzaam gemak waagt hij zich echter net zo goed in de mysterieuze gebieden van de illustratie, waar hij verbluffende&nbsp; composities verbindt met betoverend kleurgebruik. Het eind 2018 verschenen kunstboek <strong><em>Les chemins du fantastique<\/em><\/strong> stelt zijn meest recente illustraties voor. <br><strong>Galerij Champaka<\/strong> heeft het voorrecht een schitterende reeks originelen in kleur en op groot formaat te kunnen brengen van deze grootste, huidige, Franse tekenaar in het domein van de fantastiek.<\/p>\n\n\n\n<hr class=\"wp-block-separator\"\/>\n\n\n\n<p>Since the early 1990s, <strong>Guillaume Sorel<\/strong> has forged his own path without regard to fads or\nfashions. His\ncomics, nourished by the fantastical literature of Poe, Lovecraft and\nMaupassant, develop a distinctive style which stands out from the rest. Buoyed\nby a rare fluidity, he also surveys the lands of mystery through illustrations\ncombining breathtaking composition and mesmerising colour. Released in late 2018, the beautiful book&nbsp;<strong><em>Les Chemins du fantastique<\/em><\/strong>\npresents his most recent illustrations. <strong>Galerie\nChampaka<\/strong>\nis privileged to host a magnificent series of large-format, colour originals by\nthe greatest contemporary French artist in the fantasy field.<\/p>\n\n\n<h2>Originaux<\/h2>\nngg_shortcode_0_placeholder\n<h2>Int\u00e9ress\u00e9 par une \u0153uvre?<\/h2>\n<p>Laissez-nous vos coordonn\u00e9es, nous vous recontacterons d\u00e8s que possible.<br>\n<div class=\"wpcf7 no-js\" id=\"wpcf7-f688-o1\" lang=\"fr-FR\" dir=\"ltr\" data-wpcf7-id=\"688\">\n<div class=\"screen-reader-response\"><p role=\"status\" aria-live=\"polite\" aria-atomic=\"true\"><\/p> <ul><\/ul><\/div>\n<form action=\"\/index.php?rest_route=%2Fwp%2Fv2%2Fpages%2F10749#wpcf7-f688-o1\" method=\"post\" class=\"wpcf7-form init\" aria-label=\"Formulaire de contact\" novalidate=\"novalidate\" data-status=\"init\">\n<fieldset class=\"hidden-fields-container\"><input type=\"hidden\" name=\"_wpcf7\" value=\"688\" \/><input type=\"hidden\" name=\"_wpcf7_version\" value=\"6.1.5\" \/><input type=\"hidden\" name=\"_wpcf7_locale\" value=\"fr_FR\" \/><input type=\"hidden\" name=\"_wpcf7_unit_tag\" value=\"wpcf7-f688-o1\" \/><input type=\"hidden\" name=\"_wpcf7_container_post\" value=\"0\" \/><input type=\"hidden\" name=\"_wpcf7_posted_data_hash\" value=\"\" \/>\n<\/fieldset>\n<p><label> Votre nom (*)<br \/>\n<span class=\"wpcf7-form-control-wrap\" data-name=\"your-name\"><input size=\"40\" maxlength=\"400\" class=\"wpcf7-form-control wpcf7-text wpcf7-validates-as-required\" autocomplete=\"name\" aria-required=\"true\" aria-invalid=\"false\" value=\"\" type=\"text\" name=\"your-name\" \/><\/span> <\/label>\n<\/p>\n<p><label> Votre e-mail (*)<br \/>\n<span class=\"wpcf7-form-control-wrap\" data-name=\"your-email\"><input size=\"40\" maxlength=\"400\" class=\"wpcf7-form-control wpcf7-email wpcf7-validates-as-required wpcf7-text wpcf7-validates-as-email\" autocomplete=\"email\" aria-required=\"true\" aria-invalid=\"false\" value=\"\" type=\"email\" name=\"your-email\" \/><\/span> <\/label>\n<\/p>\n<p><label>\u0152uvre choisie<br \/>\n<span class=\"wpcf7-form-control-wrap\" data-name=\"your-subject\"><input size=\"40\" maxlength=\"400\" class=\"wpcf7-form-control wpcf7-text\" aria-invalid=\"false\" value=\"\" type=\"text\" name=\"your-subject\" \/><\/span> <\/label>\n<\/p>\n<p><label>Votre demande<br \/>\n<span class=\"wpcf7-form-control-wrap\" data-name=\"your-message\"><textarea cols=\"40\" rows=\"10\" maxlength=\"2000\" class=\"wpcf7-form-control wpcf7-textarea\" aria-invalid=\"false\" name=\"your-message\"><\/textarea><\/span> <\/label>\n<\/p>\n<p><input class=\"wpcf7-form-control wpcf7-submit has-spinner\" type=\"submit\" value=\"Envoyer\" \/>\n<\/p>\n<p>Ce formulaire utilise Akismet pour r\u00e9duire le courrier ind\u00e9sirable. <a target=\"_blank\" rel=\"nofollow noopener\" href=\"https:\/\/akismet.com\/privacy\/\">D\u00e9couvrez comment vos donn\u00e9es sont trait\u00e9es.<\/a>\n<\/p><p style=\"display: none !important;\" class=\"akismet-fields-container\" data-prefix=\"_wpcf7_ak_\"><label>&#916;<textarea name=\"_wpcf7_ak_hp_textarea\" cols=\"45\" rows=\"8\" maxlength=\"100\"><\/textarea><\/label><input type=\"hidden\" id=\"ak_js_1\" name=\"_wpcf7_ak_js\" value=\"41\"\/><script type=\"text\/javascript\">\n\/* <![CDATA[ *\/\ndocument.getElementById( \"ak_js_1\" ).setAttribute( \"value\", ( new Date() ).getTime() );\n\/* ]]> *\/\n<\/script>\n<\/p><div class=\"wpcf7-response-output\" aria-hidden=\"true\"><\/div>\n<\/form>\n<\/div>\n<\/p>","protected":false},"excerpt":{"rendered":"<p>Exposition-vente Les Chemins du Fantastique Exposition du 14\/02 au 16\/03\/2019 Depuis le d\u00e9but des ann\u00e9es 90, Guillaume Sorel trace sa voie en dehors des modes et des mod\u00e8les. Ses bandes dessin\u00e9es, nourries \u00e0 la litt\u00e9rature fantastique &#8211; Poe, Lovecraft ou Maupassant -, d\u00e9veloppent un style reconnaissable entre tous. Port\u00e9 par une aisance rare, il arpente [&hellip;]<\/p>\n","protected":false},"author":1,"featured_media":0,"parent":0,"menu_order":0,"comment_status":"closed","ping_status":"closed","template":"","meta":{"ngg_post_thumbnail":0,"footnotes":""},"categories":[],"tags":[],"class_list":["post-10749","page","type-page","status-publish","hentry"],"_links":{"self":[{"href":"https:\/\/www.galeriechampaka.com\/index.php?rest_route=\/wp\/v2\/pages\/10749","targetHints":{"allow":["GET"]}}],"collection":[{"href":"https:\/\/www.galeriechampaka.com\/index.php?rest_route=\/wp\/v2\/pages"}],"about":[{"href":"https:\/\/www.galeriechampaka.com\/index.php?rest_route=\/wp\/v2\/types\/page"}],"author":[{"embeddable":true,"href":"https:\/\/www.galeriechampaka.com\/index.php?rest_route=\/wp\/v2\/users\/1"}],"replies":[{"embeddable":true,"href":"https:\/\/www.galeriechampaka.com\/index.php?rest_route=%2Fwp%2Fv2%2Fcomments&post=10749"}],"version-history":[{"count":3,"href":"https:\/\/www.galeriechampaka.com\/index.php?rest_route=\/wp\/v2\/pages\/10749\/revisions"}],"predecessor-version":[{"id":10762,"href":"https:\/\/www.galeriechampaka.com\/index.php?rest_route=\/wp\/v2\/pages\/10749\/revisions\/10762"}],"wp:attachment":[{"href":"https:\/\/www.galeriechampaka.com\/index.php?rest_route=%2Fwp%2Fv2%2Fmedia&parent=10749"}],"wp:term":[{"taxonomy":"category","embeddable":true,"href":"https:\/\/www.galeriechampaka.com\/index.php?rest_route=%2Fwp%2Fv2%2Fcategories&post=10749"},{"taxonomy":"post_tag","embeddable":true,"href":"https:\/\/www.galeriechampaka.com\/index.php?rest_route=%2Fwp%2Fv2%2Ftags&post=10749"}],"curies":[{"name":"wp","href":"https:\/\/api.w.org\/{rel}","templated":true}]}}