{"id":15352,"date":"2020-12-11T12:58:35","date_gmt":"2020-12-11T11:58:35","guid":{"rendered":"https:\/\/www.galeriechampaka.com\/?page_id=15352"},"modified":"2020-12-11T12:59:27","modified_gmt":"2020-12-11T11:59:27","slug":"regis-loisel-2","status":"publish","type":"page","link":"https:\/\/www.galeriechampaka.com\/?page_id=15352","title":{"rendered":"R\u00e9gis LOISEL"},"content":{"rendered":"<h2>Pastels<\/h2>\n<p><strong>Exposition du 16 d\u00e9cembre 2020 au 9 janvier 2021<\/strong><\/p>\n<p>Plus qu\u2019un nom dans le monde de la bande dessin\u00e9e, <strong>R\u00e9gis Loisel<\/strong> est une r\u00e9f\u00e9rence.<br \/>\nAvec au moins trois s\u00e9ries cultes, faisant partie des&nbsp;<em>must have<\/em> de toute bonne b\u00e9d\u00e9th\u00e8que (&nbsp;<em>La qu\u00eate de l\u2019oiseau du temps<\/em>, &nbsp;<em>Peter Pan<\/em> et &nbsp;<em>Magasin g\u00e9n\u00e9ral<\/em>&nbsp;), il continue \u00e0 marquer les esprits et \u00e0 multiplier les exp\u00e9riences et les rencontres.<br \/>\nLa s\u00e9rie de dessins, grand format, expos\u00e9s \u00e0 la <strong>Galerie Champaka<\/strong> en cette fin d\u2019ann\u00e9e fut initialement con\u00e7ue dans le cadre de l\u2019exposition \u00ab&nbsp;<em>R\u00e9trospective<\/em>&nbsp;\u00bb au <strong>Bastille Design Center<\/strong> en 2019.<br \/>\nPar ce projet ambitieux et color\u00e9, v\u00e9ritable \u00ab&nbsp;trip&nbsp;\u00bb&nbsp;artistique, <strong>R\u00e9gis Loisel<\/strong> rend un surprenant hommage \u00e0 ses propres cr\u00e9ations ou \u00e0 celles de ses a\u00een\u00e9s, \u00e0 commencer par Walt Disney, Popeye ou Krazy Kat.<br \/>\nR\u00e9alis\u00e9e enti\u00e8rement au pastels gras, sur panneau de bois, chaque image est un choc visuel qui flirte avec les fronti\u00e8res et les influences du Neuvi\u00e8me Art, de la Pop Culture, voire du Street art.<br \/>\nAvec ce regard moderne et hallucin\u00e9 sur la bande dessin\u00e9e, l\u2019exposition \u00ab&nbsp;<strong>R\u00e9gis Loisel \u2013 Pastels<\/strong>&nbsp;\u00bb explose de mille feux et illuminera nos murs en cette p\u00e9riode de fin d\u2019ann\u00e9e si particuli\u00e8re.<\/p>\n<hr>\n<p>Meer dan een naam in de stripwereld<strong>, R\u00e9gis Loisel<\/strong> is een referentie.<br \/>\nMet ten minsten drie cult reeksen, die bij de <em>must have<\/em> van elke goede strip verzameling behoren (<em>La qu\u00eate de l\u2019oiseau du temps<\/em>, <em>Peter Pan<\/em> en <em>Magasin g\u00e9n\u00e9ral<\/em>), blijft hij steeds indruk maken en ervaringen en ontmoetingen vermenigvuldigen.<br \/>\nDe serie tekeningen op groot formaat die aan het einde van het jaar aan de <strong>Galerie Champaka<\/strong> is tentoongesteld, werd oorspronkelijk ontworpen als onderdeel van de tentoonstelling \u201c<em>R\u00e9trospective<\/em>\u201d in het <strong>Bastille Design Centre<\/strong> in 2019.<br \/>\nMet dit ambitieuze en kleurrijke project, een echt artistiek \u201ctrip\u201d, brengt <strong>R\u00e9gis Loisel<\/strong> een verrassend eerbetoon aan zijn eigen creaties of die van zijn vootgangers, te beginnen met Walt Disney, Popeye of Krazy Kat.<br \/>\nVolledig gemaakt in pastel gras, op een houten paneel, elk beeld is een visuele schok die flirt met de grenzen en invloeden van de Negende Kunst, Popcultuur en zelfs Street Art.<br \/>\nMet deze moderne gehallucineerde blik op het stripverhaal, ontploft de tentoonstelling \u00ab\u00a0<strong>R\u00e9gis Loisel &#8211; Pastels\u00a0\u00bb<\/strong> met duizend lichten en zal onze muren verlichten tijdens deze zeer bijzondere eindejaarsperiode.<\/p>\n<hr>\n<p>More than a name in the world of comic strips<strong>, R\u00e9gis Loisel<\/strong> is a reference.&nbsp;After at least three cult series, which are among the must-haves of any good comic book collector (<em>La qu\u00eate de l\u2019oiseau du temps<\/em>, &nbsp;<em>Peter Pan<\/em> and &nbsp;<em>Magasin general)<\/em>&nbsp;, he continues to mark the spirits and to multiply experiences and encounters.&nbsp;The large-format series of drawings exhibited at the <strong>Galerie Champaka<\/strong> at the end of the year was originally designed as part of the \u201c<em>R\u00e9trospective<\/em>\u201d exhibition at the <strong>Bastille Design Center<\/strong> in 2019.&nbsp;With this ambitious and colorful project, a true artistic \u201ctrip\u201d, <strong>R\u00e9gis Loisel<\/strong> pays a surprising tribute to his own creations and to those of his fore runners, such as Walt Disney, Popeye or Krazy Kat.&nbsp;Completely made with oil pastels, on wooden panels, each image is a visual shock flirting with the limits and influences of the Ninth Art, Pop Culture, and even Street art.&nbsp;<br \/>\nWith this modern and hallucinated look on the comic strip, the \u00ab\u00a0<strong>R\u00e9gis Loisel &#8211; Pastels<\/strong>\u00a0\u00bb exhibition will explode with a thousand lights and illuminate our walls in this very special end of year period.<\/p>\n<h2>Originaux<\/h2>\nngg_shortcode_0_placeholder\n<h2>Int\u00e9ress\u00e9 par une \u0153uvre?<\/h2>\n<p>Laissez-nous vos coordonn\u00e9es, nous vous recontacterons d\u00e8s que possible.<br \/>\n\n<div class=\"wpcf7 no-js\" id=\"wpcf7-f688-o1\" lang=\"fr-FR\" dir=\"ltr\" data-wpcf7-id=\"688\">\n<div class=\"screen-reader-response\"><p role=\"status\" aria-live=\"polite\" aria-atomic=\"true\"><\/p> <ul><\/ul><\/div>\n<form action=\"\/index.php?rest_route=%2Fwp%2Fv2%2Fpages%2F15352#wpcf7-f688-o1\" method=\"post\" class=\"wpcf7-form init\" aria-label=\"Formulaire de contact\" novalidate=\"novalidate\" data-status=\"init\">\n<fieldset class=\"hidden-fields-container\"><input type=\"hidden\" name=\"_wpcf7\" value=\"688\" \/><input type=\"hidden\" name=\"_wpcf7_version\" value=\"6.1.5\" \/><input type=\"hidden\" name=\"_wpcf7_locale\" value=\"fr_FR\" \/><input type=\"hidden\" name=\"_wpcf7_unit_tag\" value=\"wpcf7-f688-o1\" \/><input type=\"hidden\" name=\"_wpcf7_container_post\" value=\"0\" \/><input type=\"hidden\" name=\"_wpcf7_posted_data_hash\" value=\"\" \/>\n<\/fieldset>\n<p><label> Votre nom (*)<br \/>\n<span class=\"wpcf7-form-control-wrap\" data-name=\"your-name\"><input size=\"40\" maxlength=\"400\" class=\"wpcf7-form-control wpcf7-text wpcf7-validates-as-required\" autocomplete=\"name\" aria-required=\"true\" aria-invalid=\"false\" value=\"\" type=\"text\" name=\"your-name\" \/><\/span> <\/label>\n<\/p>\n<p><label> Votre e-mail (*)<br \/>\n<span class=\"wpcf7-form-control-wrap\" data-name=\"your-email\"><input size=\"40\" maxlength=\"400\" class=\"wpcf7-form-control wpcf7-email wpcf7-validates-as-required wpcf7-text wpcf7-validates-as-email\" autocomplete=\"email\" aria-required=\"true\" aria-invalid=\"false\" value=\"\" type=\"email\" name=\"your-email\" \/><\/span> <\/label>\n<\/p>\n<p><label>\u0152uvre choisie<br \/>\n<span class=\"wpcf7-form-control-wrap\" data-name=\"your-subject\"><input size=\"40\" maxlength=\"400\" class=\"wpcf7-form-control wpcf7-text\" aria-invalid=\"false\" value=\"\" type=\"text\" name=\"your-subject\" \/><\/span> <\/label>\n<\/p>\n<p><label>Votre demande<br \/>\n<span class=\"wpcf7-form-control-wrap\" data-name=\"your-message\"><textarea cols=\"40\" rows=\"10\" maxlength=\"2000\" class=\"wpcf7-form-control wpcf7-textarea\" aria-invalid=\"false\" name=\"your-message\"><\/textarea><\/span> <\/label>\n<\/p>\n<p><input class=\"wpcf7-form-control wpcf7-submit has-spinner\" type=\"submit\" value=\"Envoyer\" \/>\n<\/p>\n<p>Ce formulaire utilise Akismet pour r\u00e9duire le courrier ind\u00e9sirable. <a target=\"_blank\" rel=\"nofollow noopener\" href=\"https:\/\/akismet.com\/privacy\/\">D\u00e9couvrez comment vos donn\u00e9es sont trait\u00e9es.<\/a>\n<\/p><p style=\"display: none !important;\" class=\"akismet-fields-container\" data-prefix=\"_wpcf7_ak_\"><label>&#916;<textarea name=\"_wpcf7_ak_hp_textarea\" cols=\"45\" rows=\"8\" maxlength=\"100\"><\/textarea><\/label><input type=\"hidden\" id=\"ak_js_1\" name=\"_wpcf7_ak_js\" value=\"152\"\/><script type=\"text\/javascript\">\n\/* <![CDATA[ *\/\ndocument.getElementById( \"ak_js_1\" ).setAttribute( \"value\", ( new Date() ).getTime() );\n\/* ]]> *\/\n<\/script>\n<\/p><div class=\"wpcf7-response-output\" aria-hidden=\"true\"><\/div>\n<\/form>\n<\/div>\n<\/p>\n","protected":false},"excerpt":{"rendered":"<p>Pastels Exposition du 16 d\u00e9cembre 2020 au 9 janvier 2021 Plus qu\u2019un nom dans le monde de la bande dessin\u00e9e, R\u00e9gis Loisel est une r\u00e9f\u00e9rence. Avec au moins trois s\u00e9ries cultes, faisant partie des&nbsp;must have de toute bonne b\u00e9d\u00e9th\u00e8que (&nbsp;La qu\u00eate de l\u2019oiseau du temps, &nbsp;Peter Pan et &nbsp;Magasin g\u00e9n\u00e9ral&nbsp;), il continue \u00e0 marquer les [&hellip;]<\/p>\n","protected":false},"author":1,"featured_media":0,"parent":0,"menu_order":0,"comment_status":"closed","ping_status":"closed","template":"","meta":{"ngg_post_thumbnail":0,"footnotes":""},"categories":[],"tags":[],"class_list":["post-15352","page","type-page","status-publish","hentry"],"_links":{"self":[{"href":"https:\/\/www.galeriechampaka.com\/index.php?rest_route=\/wp\/v2\/pages\/15352","targetHints":{"allow":["GET"]}}],"collection":[{"href":"https:\/\/www.galeriechampaka.com\/index.php?rest_route=\/wp\/v2\/pages"}],"about":[{"href":"https:\/\/www.galeriechampaka.com\/index.php?rest_route=\/wp\/v2\/types\/page"}],"author":[{"embeddable":true,"href":"https:\/\/www.galeriechampaka.com\/index.php?rest_route=\/wp\/v2\/users\/1"}],"replies":[{"embeddable":true,"href":"https:\/\/www.galeriechampaka.com\/index.php?rest_route=%2Fwp%2Fv2%2Fcomments&post=15352"}],"version-history":[{"count":2,"href":"https:\/\/www.galeriechampaka.com\/index.php?rest_route=\/wp\/v2\/pages\/15352\/revisions"}],"predecessor-version":[{"id":15354,"href":"https:\/\/www.galeriechampaka.com\/index.php?rest_route=\/wp\/v2\/pages\/15352\/revisions\/15354"}],"wp:attachment":[{"href":"https:\/\/www.galeriechampaka.com\/index.php?rest_route=%2Fwp%2Fv2%2Fmedia&parent=15352"}],"wp:term":[{"taxonomy":"category","embeddable":true,"href":"https:\/\/www.galeriechampaka.com\/index.php?rest_route=%2Fwp%2Fv2%2Fcategories&post=15352"},{"taxonomy":"post_tag","embeddable":true,"href":"https:\/\/www.galeriechampaka.com\/index.php?rest_route=%2Fwp%2Fv2%2Ftags&post=15352"}],"curies":[{"name":"wp","href":"https:\/\/api.w.org\/{rel}","templated":true}]}}