{"id":2531,"date":"2016-11-28T09:16:22","date_gmt":"2016-11-28T08:16:22","guid":{"rendered":"https:\/\/www.galeriechampaka.com\/?page_id=2531"},"modified":"2016-12-23T08:19:47","modified_gmt":"2016-12-23T07:19:47","slug":"andre-juillard-preview","status":"publish","type":"page","link":"https:\/\/www.galeriechampaka.com\/?page_id=2531","title":{"rendered":"Andr\u00e9 JUILLARD &#8211; Les planches originales"},"content":{"rendered":"<h2><strong>Blake &amp; Mortimer &#8211; <em>Le testament de William S.<\/em><\/strong><\/h2>\n<p><strong>08\/12\/2016 &gt; 07\/01\/2017<\/strong><\/p>\n<p><strong><em>Le testament de William S.<\/em><\/strong>, sign\u00e9 Yves <strong>Sente<\/strong> et Andr\u00e9 <strong>Juillard<\/strong>, est la sortie phare de cette fin d\u2019ann\u00e9e&nbsp;! De Londres \u00e0 Venise, Philip Mortimer et Francis Blake traquent, au p\u00e9ril de leur vie, la v\u00e9ritable identit\u00e9 de William Shakespeare.<br \/>\nLa <strong>Galerie Champaka <\/strong>organise, en exclusivit\u00e9 mondiale, une exposition-vente d\u00e9di\u00e9e \u00e0 ce nouvel album. 31 planches (sur les 62 de l\u2019album) seront expos\u00e9es. Lorsque 20 auront trouv\u00e9s acqu\u00e9reurs, les 11 derni\u00e8res deviendront inaccessibles \u00e0 l\u2019achat. Des crayonn\u00e9s et des illustrations d\u00e9di\u00e9es au <strong><em>Testament de William S.&nbsp;<\/em><\/strong>seront \u00e9galement mises en vente.<\/p>\n<p><span style=\"color: #336;\"><strong><em>Het testament van William S.<\/em><\/strong> door Yves <strong>Sente<\/strong> en Andr\u00e9 <strong>Juillard <\/strong>is de toppublicatie van dit eindejaar! Philip Mortimer en Francis Blake sporen van Londen tot Veneti\u00eb de ware identiteit op &nbsp;van William Shakespeare, op gevaar van hun eigen leven.<br \/>\n<strong>Galerij Champaka<\/strong> houdt in wereldexclusiviteit een verkoop-tentoonstelling gewijd aan dit nieuwe album. 31 Platen (van de 62 van het album) zullen worden tentoongesteld. Wanneer er 20 verkocht werden, zullen de 11 laatste niet langer beschikbaar zijn voor aankoop. Potloodschetsen en illustraties &nbsp;van <strong><em>Het Testament van William S<\/em><\/strong>. zullen ook te koop worden aangeboden.<\/span><\/p>\n<p><span style=\"color: #363;\"><strong><em>The Will of William S.<\/em><\/strong>, by Yves <strong>Sente<\/strong> and Andr\u00e9<strong> Juillard<\/strong>, is the flagship finale to the end of this year! &gt;From London to Venice, Philip Mortimer and Francis Blake risk their lives in pursuit of the true identity of William Shakespeare.<br \/>\n<strong>The Galerie Champaka<\/strong> organises a world-exclusive exhibition and sale dedicated to this new album. 31 pages (out of 62 in the album) will be on display. When 20 pages have found buyers, the remaining 11 will no longer be available for purchase. Sketches and illustrations from&nbsp;<strong><em>The Will of William S.<\/em><\/strong>&nbsp;will also be on sale.<\/span><\/p>\nngg_shortcode_0_placeholder\n<hr noshade=\"noshade\" size=\"1\">\n<h2>Int\u00e9ress\u00e9 par une \u0153uvre?<\/h2>\n<p>Laissez-nous vos coordonn\u00e9es, nous vous recontacterons d\u00e8s que possible.<br \/>\n\n<div class=\"wpcf7 no-js\" id=\"wpcf7-f688-o1\" lang=\"fr-FR\" dir=\"ltr\" data-wpcf7-id=\"688\">\n<div class=\"screen-reader-response\"><p role=\"status\" aria-live=\"polite\" aria-atomic=\"true\"><\/p> <ul><\/ul><\/div>\n<form action=\"\/index.php?rest_route=%2Fwp%2Fv2%2Fpages%2F2531#wpcf7-f688-o1\" method=\"post\" class=\"wpcf7-form init\" aria-label=\"Formulaire de contact\" novalidate=\"novalidate\" data-status=\"init\">\n<fieldset class=\"hidden-fields-container\"><input type=\"hidden\" name=\"_wpcf7\" value=\"688\" \/><input type=\"hidden\" name=\"_wpcf7_version\" value=\"6.1.5\" \/><input type=\"hidden\" name=\"_wpcf7_locale\" value=\"fr_FR\" \/><input type=\"hidden\" name=\"_wpcf7_unit_tag\" value=\"wpcf7-f688-o1\" \/><input type=\"hidden\" name=\"_wpcf7_container_post\" value=\"0\" \/><input type=\"hidden\" name=\"_wpcf7_posted_data_hash\" value=\"\" \/>\n<\/fieldset>\n<p><label> Votre nom (*)<br \/>\n<span class=\"wpcf7-form-control-wrap\" data-name=\"your-name\"><input size=\"40\" maxlength=\"400\" class=\"wpcf7-form-control wpcf7-text wpcf7-validates-as-required\" autocomplete=\"name\" aria-required=\"true\" aria-invalid=\"false\" value=\"\" type=\"text\" name=\"your-name\" \/><\/span> <\/label>\n<\/p>\n<p><label> Votre e-mail (*)<br \/>\n<span class=\"wpcf7-form-control-wrap\" data-name=\"your-email\"><input size=\"40\" maxlength=\"400\" class=\"wpcf7-form-control wpcf7-email wpcf7-validates-as-required wpcf7-text wpcf7-validates-as-email\" autocomplete=\"email\" aria-required=\"true\" aria-invalid=\"false\" value=\"\" type=\"email\" name=\"your-email\" \/><\/span> <\/label>\n<\/p>\n<p><label>\u0152uvre choisie<br \/>\n<span class=\"wpcf7-form-control-wrap\" data-name=\"your-subject\"><input size=\"40\" maxlength=\"400\" class=\"wpcf7-form-control wpcf7-text\" aria-invalid=\"false\" value=\"\" type=\"text\" name=\"your-subject\" \/><\/span> <\/label>\n<\/p>\n<p><label>Votre demande<br \/>\n<span class=\"wpcf7-form-control-wrap\" data-name=\"your-message\"><textarea cols=\"40\" rows=\"10\" maxlength=\"2000\" class=\"wpcf7-form-control wpcf7-textarea\" aria-invalid=\"false\" name=\"your-message\"><\/textarea><\/span> <\/label>\n<\/p>\n<p><input class=\"wpcf7-form-control wpcf7-submit has-spinner\" type=\"submit\" value=\"Envoyer\" \/>\n<\/p>\n<p>Ce formulaire utilise Akismet pour r\u00e9duire le courrier ind\u00e9sirable. <a target=\"_blank\" rel=\"nofollow noopener\" href=\"https:\/\/akismet.com\/privacy\/\">D\u00e9couvrez comment vos donn\u00e9es sont trait\u00e9es.<\/a>\n<\/p><p style=\"display: none !important;\" class=\"akismet-fields-container\" data-prefix=\"_wpcf7_ak_\"><label>&#916;<textarea name=\"_wpcf7_ak_hp_textarea\" cols=\"45\" rows=\"8\" maxlength=\"100\"><\/textarea><\/label><input type=\"hidden\" id=\"ak_js_1\" name=\"_wpcf7_ak_js\" value=\"127\"\/><script type=\"text\/javascript\">\n\/* <![CDATA[ *\/\ndocument.getElementById( \"ak_js_1\" ).setAttribute( \"value\", ( new Date() ).getTime() );\n\/* ]]> *\/\n<\/script>\n<\/p><div class=\"wpcf7-response-output\" aria-hidden=\"true\"><\/div>\n<\/form>\n<\/div>\n<\/p>\n","protected":false},"excerpt":{"rendered":"<p>Andr\u00e9 JUILLARD<br \/>\nBlake &#038; Mortimer &#8211; Le testament de William S.<br \/>\n08\/12\/2016 > 07\/01\/2017<\/p>\n","protected":false},"author":1,"featured_media":2945,"parent":0,"menu_order":0,"comment_status":"closed","ping_status":"closed","template":"","meta":{"ngg_post_thumbnail":0,"footnotes":""},"categories":[],"tags":[],"class_list":["post-2531","page","type-page","status-publish","has-post-thumbnail","hentry"],"_links":{"self":[{"href":"https:\/\/www.galeriechampaka.com\/index.php?rest_route=\/wp\/v2\/pages\/2531","targetHints":{"allow":["GET"]}}],"collection":[{"href":"https:\/\/www.galeriechampaka.com\/index.php?rest_route=\/wp\/v2\/pages"}],"about":[{"href":"https:\/\/www.galeriechampaka.com\/index.php?rest_route=\/wp\/v2\/types\/page"}],"author":[{"embeddable":true,"href":"https:\/\/www.galeriechampaka.com\/index.php?rest_route=\/wp\/v2\/users\/1"}],"replies":[{"embeddable":true,"href":"https:\/\/www.galeriechampaka.com\/index.php?rest_route=%2Fwp%2Fv2%2Fcomments&post=2531"}],"version-history":[{"count":7,"href":"https:\/\/www.galeriechampaka.com\/index.php?rest_route=\/wp\/v2\/pages\/2531\/revisions"}],"predecessor-version":[{"id":3030,"href":"https:\/\/www.galeriechampaka.com\/index.php?rest_route=\/wp\/v2\/pages\/2531\/revisions\/3030"}],"wp:featuredmedia":[{"embeddable":true,"href":"https:\/\/www.galeriechampaka.com\/index.php?rest_route=\/wp\/v2\/media\/2945"}],"wp:attachment":[{"href":"https:\/\/www.galeriechampaka.com\/index.php?rest_route=%2Fwp%2Fv2%2Fmedia&parent=2531"}],"wp:term":[{"taxonomy":"category","embeddable":true,"href":"https:\/\/www.galeriechampaka.com\/index.php?rest_route=%2Fwp%2Fv2%2Fcategories&post=2531"},{"taxonomy":"post_tag","embeddable":true,"href":"https:\/\/www.galeriechampaka.com\/index.php?rest_route=%2Fwp%2Fv2%2Ftags&post=2531"}],"curies":[{"name":"wp","href":"https:\/\/api.w.org\/{rel}","templated":true}]}}