{"id":49184,"date":"2021-12-14T13:15:36","date_gmt":"2021-12-14T12:15:36","guid":{"rendered":"https:\/\/www.galeriechampaka.com\/?page_id=49184"},"modified":"2022-01-05T08:48:34","modified_gmt":"2022-01-05T07:48:34","slug":"philippe-wurm-et-francois-riviere-preview","status":"publish","type":"page","link":"https:\/\/www.galeriechampaka.com\/?page_id=49184","title":{"rendered":"Philippe Wurm"},"content":{"rendered":"<h2 class=\"p1\"><b>Edgar P. Jacobs \u2013 <em><strong>Le r\u00eaveur d&rsquo;apocalypses<\/strong><\/em><\/b><\/h2>\n<h3 class=\"p1\">06\/01 &gt; 29\/01\/2022<\/h3>\n<h3 class=\"p1\"><img loading=\"lazy\" decoding=\"async\" class=\"alignnone wp-image-49188 size-full\" src=\"https:\/\/www.galeriechampaka.com\/wp\/wp-content\/uploads\/2021\/12\/WURM-slider-1.png\" alt=\"Wurm\" width=\"1170\" height=\"600\" srcset=\"https:\/\/www.galeriechampaka.com\/wp-content\/uploads\/2021\/12\/WURM-slider-1.png 1170w, https:\/\/www.galeriechampaka.com\/wp-content\/uploads\/2021\/12\/WURM-slider-1-300x154.png 300w, https:\/\/www.galeriechampaka.com\/wp-content\/uploads\/2021\/12\/WURM-slider-1-1024x525.png 1024w, https:\/\/www.galeriechampaka.com\/wp-content\/uploads\/2021\/12\/WURM-slider-1-768x394.png 768w\" sizes=\"auto, (max-width: 1170px) 100vw, 1170px\" \/><\/h3>\n<p class=\"p1\"><span class=\"s1\">La <strong>Galerie Champaka<\/strong> a l\u2019honneur d\u2019exposer les originaux de l\u2019envo\u00fbtant <b><i>Edgar P. Jacobs \u2013 Le r\u00eaveur d\u2019apocalypses<\/i> <\/b>(Ed. Gl\u00e9nat) qui para\u00eet \u00e0 l\u2019occasion du 75<\/span><span class=\"s2\"><sup>e<\/sup><\/span><span class=\"s1\"> anniversaire de la cr\u00e9ation de <b>Blake et Mortimer<\/b>. Alors que le d\u00e9fi \u00e9tait de taille, le duo <b>Fran\u00e7ois Rivi\u00e8re-Philippe Wurm<\/b> r\u00e9ussit un portrait passionnant du g\u00e9ant de la BD mondiale. Quoi de plus logique au vu des liens personnels que Rivi\u00e8re a entretenus avec Jacobs et le respect absolu de Wurm pour le ma\u00eetre de la Ligne claire&nbsp;! <\/span><\/p>\n<p class=\"p1\"><span class=\"s1\">Si Jacobs a invent\u00e9 des mondes et des voyages extraordinaires, il n\u2019a pourtant jamais quitt\u00e9 &#8211; ou presque &#8211; Bruxelles et ses environs&#8230; Ainsi, <i>Le r\u00eaveur d\u2019apocalypses<\/i> devient un guide \u00e9tonnant de Bruxelles au 20e si\u00e8cle, avec la repr\u00e9sentation hyper document\u00e9e de tous les lieux fr\u00e9quent\u00e9s par E-P Jacobs. Le tout avec un dessin \u00ab&nbsp;habit\u00e9&nbsp;\u00bb par son sujet&nbsp;! En parall\u00e8le, Fran\u00e7ois Rivi\u00e8re con\u00e7oit des textes traduisant au mieux l&rsquo;esprit du cr\u00e9ateur, afin de permette au lecteur de d\u00e9couvrir son \u0153uvre \u00e0 travers le prisme de sa vie. <\/span><\/p>\n<p class=\"p1\"><span class=\"s1\">De quoi faire de chaque couverture ou planche expos\u00e9e \u00e0 la galerie Champaka un bijou graphique explorant la magie jacobsienne&nbsp;!<\/span><\/p>\n<hr>\n<p class=\"p1\"><span class=\"s1\"><strong>Galerij Champaka<\/strong> heeft de eer de originelen ten toon te stellen van het betoverende boek <b><i>Edgar P. Jacobs-De dromer van Apocalypsen<\/i><\/b> (ed. Gl\u00e9nat) dat verschijnt n.a.v. de 75ste verjaardag van de creatie van <b>Blake en Mortimer<\/b>. Voor deze grote uitdaging slaagde het duo <b>Fran\u00e7ois Rivi\u00e8re-Philippe Wurm<\/b> erin een boeiend portret te brengen van deze reus uit het wereldstripgebeuren. Wat erg logisch is gezien de persoonlijke band die Rivi\u00e8re had met Jacobs en de ware passie die Wurm heeft voor de meester van de Klare Lijn!<\/span><\/p>\n<p class=\"p1\"><span class=\"s1\">Ook al verzon Jacobs buitengewone werelden en reizen, toch verliet hij nooit \u2013of haast nooit- Brussel en zijn omgeving. Zo wordt <i>De Dromer van Apocalypsen<\/i> een verbluffende gids van Brussel in de 20ste eeuw met een erg gedocumenteerde weergave van alle plaatsen die E-P Jacobs bezocht. En dit alles in een tekenstijl die \u201cbegeesterd\u201d wordt door het onderwerp! Tegelijk bedacht Fran\u00e7ois Rivi\u00e8re teksten die heel knap de geest van de schepper in woord brengen zodat de lezer zijn werk door de bril van Jacobs zelf kan ontdekken.<\/span><\/p>\n<p class=\"p1\"><span class=\"s1\">En hierdoor wordt elk omslag en elke plaat die in Galerij Champaka wordt tentoongesteld een grafisch juweeltje dat de Jacobsiaanse magie verkent!<\/span><\/p>\n<hr>\n<p class=\"p1\"><span class=\"s1\"><strong>Gallery Champaka<\/strong> has the honour of exhibiting the originals of the haunting <b><i>Edgar P. Jacobs \u2013 Le r\u00eaveur d\u2019apocalypses<\/i><\/b> (Ed. Gl\u00e9nat) published on the occasion of the 75th anniversary of the creation of <b>Blake and Mortimer<\/b>. While the challenge was considerable, the duo <b>Fran\u00e7ois Rivi\u00e8re-Philippe Wurm<\/b> succeed in creating a fascinating portrait of this giant of world comics. What could be more logical, given the personal ties that Rivi\u00e8re had with Jacobs and Wurm&rsquo;s absolute passion for the master of the Clear Line!<\/span><\/p>\n<p class=\"p1\"><span class=\"s1\">Jacobs may have invented extraordinary worlds and journeys, but he almost never left Brussels and its surroundings&#8230; So <i>Le r\u00eaveur d\u2019apocalypses<\/i> becomes an astonishing guide to Brussels in the 20th century, with hyper-documented representations of all the places which EP Jacobs frequented. And all of it in drawings \u00ab\u00a0inhabited\u00a0\u00bb by its subject! At the same time, Fran\u00e7ois Rivi\u00e8re conceives texts which best reflect the spirit of the creator, to allow the reader to discover his work through the prism of his life.<\/span><\/p>\n<p class=\"p1\"><span class=\"s1\">Enough to make each cover or page exhibited at Gallery Champaka a graphic jewel exploring the magic of Jacobs!<\/span><\/p>\n<h2>Originaux<\/h2>\nngg_shortcode_0_placeholder\n<h2>Int\u00e9ress\u00e9 par une \u0153uvre?<\/h2>\n<p>Laissez-nous vos coordonn\u00e9es, nous vous recontacterons d\u00e8s que possible.<br \/>\n\n<div class=\"wpcf7 no-js\" id=\"wpcf7-f688-o1\" lang=\"fr-FR\" dir=\"ltr\" data-wpcf7-id=\"688\">\n<div class=\"screen-reader-response\"><p role=\"status\" aria-live=\"polite\" aria-atomic=\"true\"><\/p> <ul><\/ul><\/div>\n<form action=\"\/index.php?rest_route=%2Fwp%2Fv2%2Fpages%2F49184#wpcf7-f688-o1\" method=\"post\" class=\"wpcf7-form init\" aria-label=\"Formulaire de contact\" novalidate=\"novalidate\" data-status=\"init\">\n<fieldset class=\"hidden-fields-container\"><input type=\"hidden\" name=\"_wpcf7\" value=\"688\" \/><input type=\"hidden\" name=\"_wpcf7_version\" value=\"6.1.5\" \/><input type=\"hidden\" name=\"_wpcf7_locale\" value=\"fr_FR\" \/><input type=\"hidden\" name=\"_wpcf7_unit_tag\" value=\"wpcf7-f688-o1\" \/><input type=\"hidden\" name=\"_wpcf7_container_post\" value=\"0\" \/><input type=\"hidden\" name=\"_wpcf7_posted_data_hash\" value=\"\" \/>\n<\/fieldset>\n<p><label> Votre nom (*)<br \/>\n<span class=\"wpcf7-form-control-wrap\" data-name=\"your-name\"><input size=\"40\" maxlength=\"400\" class=\"wpcf7-form-control wpcf7-text wpcf7-validates-as-required\" autocomplete=\"name\" aria-required=\"true\" aria-invalid=\"false\" value=\"\" type=\"text\" name=\"your-name\" \/><\/span> <\/label>\n<\/p>\n<p><label> Votre e-mail (*)<br \/>\n<span class=\"wpcf7-form-control-wrap\" data-name=\"your-email\"><input size=\"40\" maxlength=\"400\" class=\"wpcf7-form-control wpcf7-email wpcf7-validates-as-required wpcf7-text wpcf7-validates-as-email\" autocomplete=\"email\" aria-required=\"true\" aria-invalid=\"false\" value=\"\" type=\"email\" name=\"your-email\" \/><\/span> <\/label>\n<\/p>\n<p><label>\u0152uvre choisie<br \/>\n<span class=\"wpcf7-form-control-wrap\" data-name=\"your-subject\"><input size=\"40\" maxlength=\"400\" class=\"wpcf7-form-control wpcf7-text\" aria-invalid=\"false\" value=\"\" type=\"text\" name=\"your-subject\" \/><\/span> <\/label>\n<\/p>\n<p><label>Votre demande<br \/>\n<span class=\"wpcf7-form-control-wrap\" data-name=\"your-message\"><textarea cols=\"40\" rows=\"10\" maxlength=\"2000\" class=\"wpcf7-form-control wpcf7-textarea\" aria-invalid=\"false\" name=\"your-message\"><\/textarea><\/span> <\/label>\n<\/p>\n<p><input class=\"wpcf7-form-control wpcf7-submit has-spinner\" type=\"submit\" value=\"Envoyer\" \/>\n<\/p>\n<p>Ce formulaire utilise Akismet pour r\u00e9duire le courrier ind\u00e9sirable. <a target=\"_blank\" rel=\"nofollow noopener\" href=\"https:\/\/akismet.com\/privacy\/\">D\u00e9couvrez comment vos donn\u00e9es sont trait\u00e9es.<\/a>\n<\/p><p style=\"display: none !important;\" class=\"akismet-fields-container\" data-prefix=\"_wpcf7_ak_\"><label>&#916;<textarea name=\"_wpcf7_ak_hp_textarea\" cols=\"45\" rows=\"8\" maxlength=\"100\"><\/textarea><\/label><input type=\"hidden\" id=\"ak_js_1\" name=\"_wpcf7_ak_js\" value=\"249\"\/><script type=\"text\/javascript\">\n\/* <![CDATA[ *\/\ndocument.getElementById( \"ak_js_1\" ).setAttribute( \"value\", ( new Date() ).getTime() );\n\/* ]]> *\/\n<\/script>\n<\/p><div class=\"wpcf7-response-output\" aria-hidden=\"true\"><\/div>\n<\/form>\n<\/div>\n<\/p>\n","protected":false},"excerpt":{"rendered":"<p>Edgar P. Jacobs \u2013 Le r\u00eaveur d&rsquo;apocalypses 06\/01 &gt; 29\/01\/2022 La Galerie Champaka a l\u2019honneur d\u2019exposer les originaux de l\u2019envo\u00fbtant Edgar P. Jacobs \u2013 Le r\u00eaveur d\u2019apocalypses (Ed. Gl\u00e9nat) qui para\u00eet \u00e0 l\u2019occasion du 75e anniversaire de la cr\u00e9ation de Blake et Mortimer. Alors que le d\u00e9fi \u00e9tait de taille, le duo Fran\u00e7ois Rivi\u00e8re-Philippe Wurm [&hellip;]<\/p>\n","protected":false},"author":5,"featured_media":0,"parent":0,"menu_order":0,"comment_status":"closed","ping_status":"closed","template":"","meta":{"ngg_post_thumbnail":0,"footnotes":""},"categories":[],"tags":[],"class_list":["post-49184","page","type-page","status-publish","hentry"],"_links":{"self":[{"href":"https:\/\/www.galeriechampaka.com\/index.php?rest_route=\/wp\/v2\/pages\/49184","targetHints":{"allow":["GET"]}}],"collection":[{"href":"https:\/\/www.galeriechampaka.com\/index.php?rest_route=\/wp\/v2\/pages"}],"about":[{"href":"https:\/\/www.galeriechampaka.com\/index.php?rest_route=\/wp\/v2\/types\/page"}],"author":[{"embeddable":true,"href":"https:\/\/www.galeriechampaka.com\/index.php?rest_route=\/wp\/v2\/users\/5"}],"replies":[{"embeddable":true,"href":"https:\/\/www.galeriechampaka.com\/index.php?rest_route=%2Fwp%2Fv2%2Fcomments&post=49184"}],"version-history":[{"count":12,"href":"https:\/\/www.galeriechampaka.com\/index.php?rest_route=\/wp\/v2\/pages\/49184\/revisions"}],"predecessor-version":[{"id":50745,"href":"https:\/\/www.galeriechampaka.com\/index.php?rest_route=\/wp\/v2\/pages\/49184\/revisions\/50745"}],"wp:attachment":[{"href":"https:\/\/www.galeriechampaka.com\/index.php?rest_route=%2Fwp%2Fv2%2Fmedia&parent=49184"}],"wp:term":[{"taxonomy":"category","embeddable":true,"href":"https:\/\/www.galeriechampaka.com\/index.php?rest_route=%2Fwp%2Fv2%2Fcategories&post=49184"},{"taxonomy":"post_tag","embeddable":true,"href":"https:\/\/www.galeriechampaka.com\/index.php?rest_route=%2Fwp%2Fv2%2Ftags&post=49184"}],"curies":[{"name":"wp","href":"https:\/\/api.w.org\/{rel}","templated":true}]}}