{"id":7328,"date":"2017-11-22T08:35:30","date_gmt":"2017-11-22T07:35:30","guid":{"rendered":"https:\/\/www.galeriechampaka.com\/?page_id=7328"},"modified":"2017-12-04T12:56:53","modified_gmt":"2017-12-04T11:56:53","slug":"antonio-lapone","status":"publish","type":"page","link":"https:\/\/www.galeriechampaka.com\/?page_id=7328","title":{"rendered":"ANTONIO LAPONE"},"content":{"rendered":"<h2><em>La Fleur dans l&rsquo;Atelier de MONDRIAN<\/em><\/h2>\n<p>(Sc : Jean-Philippe Peyraud)<\/p>\n<p><strong>Vernissage en pr\u00e9sence de l&rsquo;auteur, le jeudi 7 d\u00e9cembre 2017 de 18h00 \u00e0 20h30<\/strong><br \/>\n<strong>Exposition du 8 d\u00e9cembre 2017 au 7 janvier 2018<\/strong><\/p>\n<p>Quand il ne peint pas, <strong>Piet Mondrian<\/strong>, danse ! Un jardin secret que cette figure majeure de l&rsquo;Art abstrait traduira, \u00e0 fin de sa vie, dans <em>Broadway Boogie woogie<\/em> (1942-1943). En attendant, quand le Hollandais s&rsquo;installe \u00e0 Paris, dans les ann\u00e9es &rsquo;20, le Charleston lui donne du plaisir, faute de faire oublier la faim. Son atelier de la rue du d\u00e9part est \u00e0 l&rsquo;image de son oeuvre, faite d&rsquo;une fascinante g\u00e9om\u00e9trie nourrie uniquement de couleurs primaires. Les rares courbes de l&rsquo;endroit ont \u00e9t\u00e9 capt\u00e9es par Andr\u00e9 Kert\u00e9sz (1894-1985) : escaliers, vase et fleur artificielle peinte par Mondrian. Une photo qui orne un mur chez Jean-Philippe Peyraud (scenario) et <strong>Antonio Lapone<\/strong> (dessinateur), les auteurs de <em><strong>La Fleur dans l&rsquo;atelier de Mondrian<\/strong><\/em> (\u00e9d. Gl\u00e9nat), un hymne \u00e0 la musique et \u00e0 la danse des couleurs. Qui mieux qu&rsquo;Antonio Lapone pour r\u00e9ussir ces noces de l&rsquo;\u00e9l\u00e9gance, du rythme et de la chromie ? <strong>L&rsquo;exposition pr\u00e9sentera l&rsquo;ensemble des planches originales (toutes en couleurs directes, la plupart de tr\u00e8s grand format !) et des illustrations in\u00e9dites de diff\u00e9rentes tailles.<\/strong><\/p>\n<hr>\n<p>Als hij niet schildert, danst <strong>Piet Mondriaan<\/strong>! Een geheime tuin die deze grote meneer van de Abstracte Kunst op het eind van zijn leven uiteindelijk uitbeeldt in Broadway Boogie Woogie (1942-1943). Intussen geeft de Charleston in de jaren 20 hem zijn plezier, genoeg om hem de honger te laten vergeten, wanneer de Nederlander zich in Parijs vestigt. Zijn atelier in de rue du d\u00e9part lijkt op zijn werk. Het bestaat uit een fascinerende geometrie die enkel met primaire kleuren wordt gevoed. De zeldzame kromme lijnen in de plek werden door Andr\u00e9 Kert\u00e9sz (1894-1985) vastgelegd: trappen, vaas en kunstbloem geschilderd door Mondriaan, Een foto die een muur siert bij Jean-Philippe <strong>Peyraud<\/strong> (scenario) en <strong>Antonio<\/strong> <strong>Lapone<\/strong> (tekenaar), de auteurs van <em><strong>De bloem in het atelier van Mondriaan<\/strong> <\/em>(uitg. Gl\u00e9nat), een hymne aan muziek en de dans van kleuren. Wie zou beter dan Lapone dit huwelijk van elegantie, ritme en kleuren kunnen tot stand brengen? <strong>De tentoonstelling brengt het geheel van originele platen (allen in directe kleuren, de meeste op erg groot formaat!) en onuitgegeven illustraties van verschillende grootte.<\/strong><\/p>\n<hr>\n<p>When he was not painting, <strong>Piet Mondrian<\/strong> used to dance! A secret garden that this major figure of Abstract Art interpreted, at the end of his life, into Broadway Boogie Woogie (1942-1943). In the meantime, when the Dutchman settled in Paris in the 1920s, the Charleston brought him joy, although it couldn\u2019t make him forget his hunger. His studio on the rue du D\u00e9part was the spitting image of his work, made from fascinating geometry nourished only by primary colours. The few curves in this place were captured by Andr\u00e9 Kert\u00e9sz (1894-1985): stairs, a vase and an artificial flower painted by Mondrian. A photograph of this adorns a wall in the homes of writer Jean-Philippe <strong>Peyraud<\/strong> and artist and <strong>Antonio Lapone<\/strong>, the authors of <em><strong>The Flower in Mondrian\u2019s Studio<\/strong><\/em> (Gl\u00e9nat editions), a hymn to the music and dance of colours. Who better than Antonio Lapone to pull off this marriage of elegance, rhythm and chromatics? <strong>The exhibition will present all of his original artworks (all hand-coloured, mostly in a very large format!) as well as unpublished illustrations of different sizes.<\/strong><\/p>\n<p><img loading=\"lazy\" decoding=\"async\" class=\"alignnone wp-image-7329 size-full\" src=\"https:\/\/www.galeriechampaka.com\/wp\/wp-content\/uploads\/2017\/11\/1711visupage.jpg\" alt=\"lapone\" width=\"1298\" height=\"901\" srcset=\"https:\/\/www.galeriechampaka.com\/wp-content\/uploads\/2017\/11\/1711visupage.jpg 1298w, https:\/\/www.galeriechampaka.com\/wp-content\/uploads\/2017\/11\/1711visupage-300x208.jpg 300w, https:\/\/www.galeriechampaka.com\/wp-content\/uploads\/2017\/11\/1711visupage-768x533.jpg 768w, https:\/\/www.galeriechampaka.com\/wp-content\/uploads\/2017\/11\/1711visupage-1024x711.jpg 1024w\" sizes=\"auto, (max-width: 1298px) 100vw, 1298px\" \/><\/p>\n","protected":false},"excerpt":{"rendered":"<p>La Fleur dans l&rsquo;Atelier de MONDRIAN<br \/>\nVernissage en pr\u00e9sence de l&rsquo;auteur, le jeudi 7 d\u00e9cembre 2017 de 18h00 \u00e0 20h30<br \/>\nExposition du 8 d\u00e9cembre au 7 janvier 2017<\/p>\n","protected":false},"author":1,"featured_media":7333,"parent":0,"menu_order":0,"comment_status":"closed","ping_status":"closed","template":"","meta":{"ngg_post_thumbnail":0,"footnotes":""},"categories":[],"tags":[],"class_list":["post-7328","page","type-page","status-publish","has-post-thumbnail","hentry"],"_links":{"self":[{"href":"https:\/\/www.galeriechampaka.com\/index.php?rest_route=\/wp\/v2\/pages\/7328","targetHints":{"allow":["GET"]}}],"collection":[{"href":"https:\/\/www.galeriechampaka.com\/index.php?rest_route=\/wp\/v2\/pages"}],"about":[{"href":"https:\/\/www.galeriechampaka.com\/index.php?rest_route=\/wp\/v2\/types\/page"}],"author":[{"embeddable":true,"href":"https:\/\/www.galeriechampaka.com\/index.php?rest_route=\/wp\/v2\/users\/1"}],"replies":[{"embeddable":true,"href":"https:\/\/www.galeriechampaka.com\/index.php?rest_route=%2Fwp%2Fv2%2Fcomments&post=7328"}],"version-history":[{"count":3,"href":"https:\/\/www.galeriechampaka.com\/index.php?rest_route=\/wp\/v2\/pages\/7328\/revisions"}],"predecessor-version":[{"id":7351,"href":"https:\/\/www.galeriechampaka.com\/index.php?rest_route=\/wp\/v2\/pages\/7328\/revisions\/7351"}],"wp:featuredmedia":[{"embeddable":true,"href":"https:\/\/www.galeriechampaka.com\/index.php?rest_route=\/wp\/v2\/media\/7333"}],"wp:attachment":[{"href":"https:\/\/www.galeriechampaka.com\/index.php?rest_route=%2Fwp%2Fv2%2Fmedia&parent=7328"}],"wp:term":[{"taxonomy":"category","embeddable":true,"href":"https:\/\/www.galeriechampaka.com\/index.php?rest_route=%2Fwp%2Fv2%2Fcategories&post=7328"},{"taxonomy":"post_tag","embeddable":true,"href":"https:\/\/www.galeriechampaka.com\/index.php?rest_route=%2Fwp%2Fv2%2Ftags&post=7328"}],"curies":[{"name":"wp","href":"https:\/\/api.w.org\/{rel}","templated":true}]}}