{"id":7848,"date":"2018-01-23T12:30:20","date_gmt":"2018-01-23T11:30:20","guid":{"rendered":"https:\/\/www.galeriechampaka.com\/?page_id=7848"},"modified":"2018-01-29T08:18:55","modified_gmt":"2018-01-29T07:18:55","slug":"philippe-xavier","status":"publish","type":"page","link":"https:\/\/www.galeriechampaka.com\/?page_id=7848","title":{"rendered":"Philippe XAVIER"},"content":{"rendered":"<h2><strong><em>Tango &amp; Hyver 1709<br \/>\n<\/em><\/strong><\/h2>\n<p>9\/02\/2018 &gt; 11\/03\/2018<\/p>\n<p><strong>Vernissage le 8 f\u00e9vrier 2018 de 18H00 \u00e0 20H30<\/strong><\/p>\n<hr>\n<p>Avec <strong><em>Tango <\/em><\/strong><em>(Le Lombard)<\/em>, un western contemporain, Matz (<em>Le Tueur<\/em>)&nbsp;et Xavier (<em>Croisade<\/em>) ont frapp\u00e9 tr\u00e8s fort. Les personnages de <strong>Philippe Xavier<\/strong> progressent dans le cadre majestueux du d\u00e9sert bolivien, et les cadrages dans ces paysages indomptables sont \u00e9blouissants. Les personnages secondaires, et tout particuli\u00e8rement les dames, y sont magnifiquement mis en valeur. L\u2019exposition <strong><em>Tango<\/em><\/strong>&nbsp;est pr\u00e9sent\u00e9e en miroir avec celle d\u00e9di\u00e9e \u00e0 <strong><em>Hyver 1709<\/em><\/strong> (sc\u00e9nario: Sergeef), la pr\u00e9c\u00e9dente s\u00e9rie de Philippe Xavier. Autre \u00e9poque (18<sup>e<\/sup> si\u00e8cle) et autre ambiance, mais toujours la fougue, la pr\u00e9cision et la sensualit\u00e9 d\u2019un baroudeur du dessin.<\/p>\n<hr>\n<p>Met <strong><em>Tango<\/em><\/strong>, een hedendaagse western, slaan Matz (<em>Le tueur<\/em>) en Xavier (<em>Croisade<\/em>) hard toe. De personages van <strong>Philippe Xavier<\/strong> beleven hun avonturen in de majesteitelijke omgeving van de Boliviaanse woestijn en de composities van deze ontembare landschapen zijn verbluffend. De bijfiguren, en meer bepaald de dames, komen er schitterend tot hun recht. De tentoonstelling <strong><em>Tango<\/em><\/strong> wordt samen voorgesteld met die gewijd aan <strong><em>Hyver 1709<\/em><\/strong> (scenario: Sergeef), de vorige reeks van Philippe Xavier. Een andere tijd ( 18de eeuw) en een andere sfeer, maar steeds met diezelfde vurigheid, precisie en sensualiteit van een zwerver in de tekenkunst.<\/p>\n<hr>\n<p>With <strong><em>Tango<\/em><\/strong>, a contemporary western, Matz (<em>The Killer<\/em>) and Xavier (<em>Crusade<\/em>) are hitting hard. The characters of <strong>Philippe Xavier<\/strong> progress in the majestic setting of the Bolivian desert, and the frames of these indomitable landscapes are dazzling. The supporting characters, and especially the ladies, are beautifully highlighted here. The exhibition <strong><em>Tango<\/em><\/strong> is presented alongside another dedicated to <strong><em>Hyver 1709<\/em><\/strong> (written by Sergeef), the previous series illustrated by Philippe Xavier. Another era (the 18th century), and another atmosphere, but always the passion, precision and sensuality of a champion of drawing.<\/p>\n<p><img loading=\"lazy\" decoding=\"async\" class=\"aligncenter size-full wp-image-7853\" src=\"https:\/\/www.galeriechampaka.com\/wp\/wp-content\/uploads\/2018\/01\/image001.jpg\" alt=\"Xavier\" height=\"1263\" width=\"1769\" srcset=\"https:\/\/www.galeriechampaka.com\/wp-content\/uploads\/2018\/01\/image001.jpg 1769w, https:\/\/www.galeriechampaka.com\/wp-content\/uploads\/2018\/01\/image001-300x214.jpg 300w, https:\/\/www.galeriechampaka.com\/wp-content\/uploads\/2018\/01\/image001-768x548.jpg 768w, https:\/\/www.galeriechampaka.com\/wp-content\/uploads\/2018\/01\/image001-1024x731.jpg 1024w\" sizes=\"auto, (max-width: 1769px) 100vw, 1769px\" \/><\/p>\n","protected":false},"excerpt":{"rendered":"<p>Tango &amp; Hyver 1709 9\/02\/2018 &gt; 11\/03\/2018 Vernissage le 8 f\u00e9vrier 2018 de 18H00 \u00e0 20H30 Avec Tango (Le Lombard), un western contemporain, Matz (Le Tueur)&nbsp;et Xavier (Croisade) ont frapp\u00e9 tr\u00e8s fort. Les personnages de Philippe Xavier progressent dans le cadre majestueux du d\u00e9sert bolivien, et les cadrages dans ces paysages indomptables sont \u00e9blouissants. Les [&hellip;]<\/p>\n","protected":false},"author":1,"featured_media":0,"parent":0,"menu_order":0,"comment_status":"closed","ping_status":"closed","template":"","meta":{"ngg_post_thumbnail":0,"footnotes":""},"categories":[],"tags":[],"class_list":["post-7848","page","type-page","status-publish","hentry"],"_links":{"self":[{"href":"https:\/\/www.galeriechampaka.com\/index.php?rest_route=\/wp\/v2\/pages\/7848","targetHints":{"allow":["GET"]}}],"collection":[{"href":"https:\/\/www.galeriechampaka.com\/index.php?rest_route=\/wp\/v2\/pages"}],"about":[{"href":"https:\/\/www.galeriechampaka.com\/index.php?rest_route=\/wp\/v2\/types\/page"}],"author":[{"embeddable":true,"href":"https:\/\/www.galeriechampaka.com\/index.php?rest_route=\/wp\/v2\/users\/1"}],"replies":[{"embeddable":true,"href":"https:\/\/www.galeriechampaka.com\/index.php?rest_route=%2Fwp%2Fv2%2Fcomments&post=7848"}],"version-history":[{"count":5,"href":"https:\/\/www.galeriechampaka.com\/index.php?rest_route=\/wp\/v2\/pages\/7848\/revisions"}],"predecessor-version":[{"id":7864,"href":"https:\/\/www.galeriechampaka.com\/index.php?rest_route=\/wp\/v2\/pages\/7848\/revisions\/7864"}],"wp:attachment":[{"href":"https:\/\/www.galeriechampaka.com\/index.php?rest_route=%2Fwp%2Fv2%2Fmedia&parent=7848"}],"wp:term":[{"taxonomy":"category","embeddable":true,"href":"https:\/\/www.galeriechampaka.com\/index.php?rest_route=%2Fwp%2Fv2%2Fcategories&post=7848"},{"taxonomy":"post_tag","embeddable":true,"href":"https:\/\/www.galeriechampaka.com\/index.php?rest_route=%2Fwp%2Fv2%2Ftags&post=7848"}],"curies":[{"name":"wp","href":"https:\/\/api.w.org\/{rel}","templated":true}]}}