{"id":89787,"date":"2023-03-18T13:05:17","date_gmt":"2023-03-18T12:05:17","guid":{"rendered":"https:\/\/www.galeriechampaka.com\/?page_id=89787"},"modified":"2023-04-27T10:11:48","modified_gmt":"2023-04-27T08:11:48","slug":"goffin-schuiten-peeters","status":"publish","type":"page","link":"https:\/\/www.galeriechampaka.com\/?page_id=89787","title":{"rendered":"Goffin &#8211; Schuiten &#8211; Peeters"},"content":{"rendered":"<h2 class=\"p1\"><span class=\"s1\"><b><i>PLAGIAT&nbsp;!<\/i> (&amp; Cie)<\/b><\/span><\/h2>\n<h3 class=\"p3\"><span class=\"s1\">27\/04\/2023 &gt; 13\/05\/2023<\/span><\/h3>\n<p><img loading=\"lazy\" decoding=\"async\" class=\"alignnone wp-image-89661\" src=\"https:\/\/www.galeriechampaka.com\/wp-content\/uploads\/2023\/03\/Couverture-Plagiat-224x300.jpg\" alt=\"Goffin chez Champaka\" width=\"640\" height=\"857\" srcset=\"https:\/\/www.galeriechampaka.com\/wp-content\/uploads\/2023\/03\/Couverture-Plagiat-224x300.jpg 224w, https:\/\/www.galeriechampaka.com\/wp-content\/uploads\/2023\/03\/Couverture-Plagiat-766x1024.jpg 766w, https:\/\/www.galeriechampaka.com\/wp-content\/uploads\/2023\/03\/Couverture-Plagiat-768x1027.jpg 768w, https:\/\/www.galeriechampaka.com\/wp-content\/uploads\/2023\/03\/Couverture-Plagiat-1148x1536.jpg 1148w, https:\/\/www.galeriechampaka.com\/wp-content\/uploads\/2023\/03\/Couverture-Plagiat-1531x2048.jpg 1531w, https:\/\/www.galeriechampaka.com\/wp-content\/uploads\/2023\/03\/Couverture-Plagiat-scaled.jpg 1914w\" sizes=\"auto, (max-width: 640px) 100vw, 640px\" \/><\/p>\n<p class=\"p1\"><span class=\"s1\">En 1982, avec <i>Le R\u00e9seau Madou<\/i>, <b>Alain Goffin<\/b> r\u00e9invente &#8211; dans la lign\u00e9e des Floc\u2019h, Ted Beno\u00eet et autre Chaland &#8211;&nbsp; la ligne claire herg\u00e9enne. <\/span><\/p>\n<p class=\"p1\"><span class=\"s1\">Sept ans plus tard, sur un sc\u00e9nario de <b>Beno\u00eet Peeters<\/b> et <b>Fran\u00e7ois Schuiten<\/b>, <b><i>Plagiat!<\/i><\/b> (Les Humano\u00efdes Associ\u00e9s) lui permet de rencontrer un public plus adulte. Cette fable f\u00e9roce met en sc\u00e8ne un peintre contemporain qui, plagi\u00e9, conna\u00eetra une v\u00e9ritable descente aux enfers. Un mariage diabolique entre Ligne claire et Art moderne. Une \u0153uvre mythique dont les auteurs viennent de publier une nouvelle version (\u00e9d. Anspach) dont les planches ont \u00e9t\u00e9 retrac\u00e9es, relettr\u00e9es et remises en couleur par Goffin.<\/span><\/p>\n<p class=\"p1\">En 1992 et 1997, dans la m\u00eame optique alliant \u00e9l\u00e9gance et intelligence, paraissent&nbsp;<b><i>Le Th\u00e9or\u00e8me de Morcom <\/i><\/b>(Les Humano\u00efdes associ\u00e9s) et&nbsp;<b><i>Northreed Project<\/i><\/b>&nbsp;(Dargaud).<\/p>\n<p class=\"p1\"><span class=\"s1\">La <strong>galerie Champaka<\/strong> a le grand privil\u00e8ge d\u2019exposer des originaux de qualit\u00e9 issus de ces trois albums, ainsi que des illustrations de <b><i>Retour \u00e0 La Rap\u00e9e<\/i><\/b> (\u00e9d. Arboris) paru en 1993. Cerise sur le g\u00e2teau: deux peintures de <b>Stefan de Jaeger<\/b> et une photographie de <b>Marie-Fran\u00e7oise Plissart<\/b>, li\u00e9es \u00e0 l&rsquo;univers de <i>Plagiat!<\/i>, compl\u00e8teront cette exposition exceptionnelle&nbsp;! Autant de t\u00e9moignages que ces univers sign\u00e9s Goffin n\u2019ont pas pris une ride&nbsp;!<\/span><\/p>\n<hr>\n<h2 class=\"p1\"><strong><em>PLAGIAAT ! (&amp; Cie)<\/em><\/strong><\/h2>\n<p class=\"p1\"><span class=\"s1\">In 1982 vindt <b>Alain Goffin<\/b> met <i>Veel liefs uit Brussel<\/i> &#8211; in de lijn van Floc\u2019h, Ted Beno\u00eet en andere Chalands &#8211; de Herg\u00e9aanse klare lijn opnieuw uit.<\/span><\/p>\n<p class=\"p1\"><span class=\"s1\">Zeven jaar later staat <b><i>Plagiaat!<\/i><\/b>, op scenario van <b>Beno\u00eet Peeters<\/b> en <b>Fran\u00e7ois Schuiten<\/b> (uitg. Blitz) hem toe een meer volwassen publiek te bereiken. Deze wrede fabel brengt een hedendaagse schilder die, geplagieerd, een ware afdaling naar de hel meemaakt. Een duivels huwelijk tussen de Klare Lijn en de Moderne Kunst. Een mythisch werk waarvan de auteurs net een nieuwe versie publiceerden (uitg. Anspach) waarvan de platen werden herlijnd, herlettterd en opnieuw in kleur gezet door Goffin.<\/span><\/p>\n<p class=\"p1\"><span class=\"s1\">In 1992 en 1997 verschenen in diezelfde sfeer van elegantie en intelligentie <b><i>De Stellingen van Morcom<\/i><\/b> (Arboris) en <b><i>Northreed Project<\/i><\/b> (Dargaud).<\/span><\/p>\n<p class=\"p1\"><span class=\"s1\"><b>Galerij Champaka<\/b> heeft het grote voorrecht originelen van hoge kwaliteit uit deze drie albums ten toon te stellen samen met illustraties uit <b><i>Terug naar la Rap\u00e9e<\/i><\/b> (uitg. Arboris), verschenen in 1993. Als kers op de taart: twee schilderijen van <b>Stefan de Jaeger<\/b> en een foto van <b>Marie-Fran\u00e7oise Plissart<\/b>, die verband hebben met de wereld van <i>Plagiaat!<\/i>, vullen deze uitzonderlijke tentoonstelling aan! Net zoveel getuigenissen dat deze werelden van Goffin nog niets verouderd zijn!<\/span><\/p>\n<hr>\n<h2 class=\"p1\"><strong><em>PLAGIARISM! (&amp; Cie)<\/em><\/strong><\/h2>\n<p class=\"p1\"><span class=\"s1\">In 1982, with <i>Le R\u00e9seau Madou<\/i>, <b>Alain Goffin<\/b> reinvented the Clear Line of Herg\u00e9 &#8211; following<span class=\"Apple-converted-space\">&nbsp; <\/span>the approaches of Floc&rsquo;h, Ted Beno\u00eet, Chaland and others.<\/span><\/p>\n<p class=\"p1\"><span class=\"s1\">Seven years later, with a script by <b>Beno\u00eet Peeters<\/b> and <b>Fran\u00e7ois Schuiten<\/b>, <b><i>Plagiat!<\/i><\/b> (Les Humano\u00efde Associ\u00e9s) enabled him to appeal to a more adult readership. This ferocious fable depicts a contemporary painter who, after being plagiarised, experiences a veritable descent into hell. A diabolical marriage between Clear Line and Modern Art. A mythical work whose creators have just published a new version (ed. Anspach), for which Goffins has traced, relettered and recoloured his pages.<\/span><\/p>\n<p class=\"p1\"><span class=\"s1\">In 1992 and 1997, taking the same approach to combining elegance with intelligence, there appeared <b><i>Le Th\u00e9or\u00e8me de Morcom<\/i><\/b> (Les Humano\u00efdes associ\u00e9s) and <b><i>Northreed Project<\/i><\/b> (Dargaud).<\/span><\/p>\n<p class=\"p1\"><span class=\"s1\">Galerie Champaka is privileged to exhibit high-quality original artworks from these three graphic novels, as well as illustrations from <b><i>Retour \u00e0 la Rap\u00e9e<\/i><\/b> (ed. Arboris) published in 1993. The icing on the cake: two paintings by <b>Stefan de Jaeger<\/b> and a photograph by <b>Marie-Fran\u00e7oise Plissart<\/b>, linked to the world of <i>Plagiat!<\/i>, complete this exceptional exhibition! Multiple proof that these universes by Goffin have not aged one bit!<\/span><\/p>\n<h2>Originaux<\/h2>\nngg_shortcode_0_placeholder\n<h2>Int\u00e9ress\u00e9 par une \u0153uvre?<\/h2>\n<p>Laissez-nous vos coordonn\u00e9es, nous vous recontacterons d\u00e8s que possible.<br \/>\n\n<div class=\"wpcf7 no-js\" id=\"wpcf7-f688-o1\" lang=\"fr-FR\" dir=\"ltr\" data-wpcf7-id=\"688\">\n<div class=\"screen-reader-response\"><p role=\"status\" aria-live=\"polite\" aria-atomic=\"true\"><\/p> <ul><\/ul><\/div>\n<form action=\"\/index.php?rest_route=%2Fwp%2Fv2%2Fpages%2F89787#wpcf7-f688-o1\" method=\"post\" class=\"wpcf7-form init\" aria-label=\"Formulaire de contact\" novalidate=\"novalidate\" data-status=\"init\">\n<fieldset class=\"hidden-fields-container\"><input type=\"hidden\" name=\"_wpcf7\" value=\"688\" \/><input type=\"hidden\" name=\"_wpcf7_version\" value=\"6.1.5\" \/><input type=\"hidden\" name=\"_wpcf7_locale\" value=\"fr_FR\" \/><input type=\"hidden\" name=\"_wpcf7_unit_tag\" value=\"wpcf7-f688-o1\" \/><input type=\"hidden\" name=\"_wpcf7_container_post\" value=\"0\" \/><input type=\"hidden\" name=\"_wpcf7_posted_data_hash\" value=\"\" \/>\n<\/fieldset>\n<p><label> Votre nom (*)<br \/>\n<span class=\"wpcf7-form-control-wrap\" data-name=\"your-name\"><input size=\"40\" maxlength=\"400\" class=\"wpcf7-form-control wpcf7-text wpcf7-validates-as-required\" autocomplete=\"name\" aria-required=\"true\" aria-invalid=\"false\" value=\"\" type=\"text\" name=\"your-name\" \/><\/span> <\/label>\n<\/p>\n<p><label> Votre e-mail (*)<br \/>\n<span class=\"wpcf7-form-control-wrap\" data-name=\"your-email\"><input size=\"40\" maxlength=\"400\" class=\"wpcf7-form-control wpcf7-email wpcf7-validates-as-required wpcf7-text wpcf7-validates-as-email\" autocomplete=\"email\" aria-required=\"true\" aria-invalid=\"false\" value=\"\" type=\"email\" name=\"your-email\" \/><\/span> <\/label>\n<\/p>\n<p><label>\u0152uvre choisie<br \/>\n<span class=\"wpcf7-form-control-wrap\" data-name=\"your-subject\"><input size=\"40\" maxlength=\"400\" class=\"wpcf7-form-control wpcf7-text\" aria-invalid=\"false\" value=\"\" type=\"text\" name=\"your-subject\" \/><\/span> <\/label>\n<\/p>\n<p><label>Votre demande<br \/>\n<span class=\"wpcf7-form-control-wrap\" data-name=\"your-message\"><textarea cols=\"40\" rows=\"10\" maxlength=\"2000\" class=\"wpcf7-form-control wpcf7-textarea\" aria-invalid=\"false\" name=\"your-message\"><\/textarea><\/span> <\/label>\n<\/p>\n<p><input class=\"wpcf7-form-control wpcf7-submit has-spinner\" type=\"submit\" value=\"Envoyer\" \/>\n<\/p>\n<p>Ce formulaire utilise Akismet pour r\u00e9duire le courrier ind\u00e9sirable. <a target=\"_blank\" rel=\"nofollow noopener\" href=\"https:\/\/akismet.com\/privacy\/\">D\u00e9couvrez comment vos donn\u00e9es sont trait\u00e9es.<\/a>\n<\/p><p style=\"display: none !important;\" class=\"akismet-fields-container\" data-prefix=\"_wpcf7_ak_\"><label>&#916;<textarea name=\"_wpcf7_ak_hp_textarea\" cols=\"45\" rows=\"8\" maxlength=\"100\"><\/textarea><\/label><input type=\"hidden\" id=\"ak_js_1\" name=\"_wpcf7_ak_js\" value=\"70\"\/><script type=\"text\/javascript\">\n\/* <![CDATA[ *\/\ndocument.getElementById( \"ak_js_1\" ).setAttribute( \"value\", ( new Date() ).getTime() );\n\/* ]]> *\/\n<\/script>\n<\/p><div class=\"wpcf7-response-output\" aria-hidden=\"true\"><\/div>\n<\/form>\n<\/div>\n<\/p>\n","protected":false},"excerpt":{"rendered":"<p>PLAGIAT&nbsp;! (&amp; Cie) 27\/04\/2023 &gt; 13\/05\/2023 En 1982, avec Le R\u00e9seau Madou, Alain Goffin r\u00e9invente &#8211; dans la lign\u00e9e des Floc\u2019h, Ted Beno\u00eet et autre Chaland &#8211;&nbsp; la ligne claire herg\u00e9enne. Sept ans plus tard, sur un sc\u00e9nario de Beno\u00eet Peeters et Fran\u00e7ois Schuiten, Plagiat! (Les Humano\u00efdes Associ\u00e9s) lui permet de rencontrer un public plus [&hellip;]<\/p>\n","protected":false},"author":5,"featured_media":0,"parent":0,"menu_order":0,"comment_status":"closed","ping_status":"closed","template":"","meta":{"ngg_post_thumbnail":0,"footnotes":""},"categories":[],"tags":[],"class_list":["post-89787","page","type-page","status-publish","hentry"],"_links":{"self":[{"href":"https:\/\/www.galeriechampaka.com\/index.php?rest_route=\/wp\/v2\/pages\/89787","targetHints":{"allow":["GET"]}}],"collection":[{"href":"https:\/\/www.galeriechampaka.com\/index.php?rest_route=\/wp\/v2\/pages"}],"about":[{"href":"https:\/\/www.galeriechampaka.com\/index.php?rest_route=\/wp\/v2\/types\/page"}],"author":[{"embeddable":true,"href":"https:\/\/www.galeriechampaka.com\/index.php?rest_route=\/wp\/v2\/users\/5"}],"replies":[{"embeddable":true,"href":"https:\/\/www.galeriechampaka.com\/index.php?rest_route=%2Fwp%2Fv2%2Fcomments&post=89787"}],"version-history":[{"count":7,"href":"https:\/\/www.galeriechampaka.com\/index.php?rest_route=\/wp\/v2\/pages\/89787\/revisions"}],"predecessor-version":[{"id":91336,"href":"https:\/\/www.galeriechampaka.com\/index.php?rest_route=\/wp\/v2\/pages\/89787\/revisions\/91336"}],"wp:attachment":[{"href":"https:\/\/www.galeriechampaka.com\/index.php?rest_route=%2Fwp%2Fv2%2Fmedia&parent=89787"}],"wp:term":[{"taxonomy":"category","embeddable":true,"href":"https:\/\/www.galeriechampaka.com\/index.php?rest_route=%2Fwp%2Fv2%2Fcategories&post=89787"},{"taxonomy":"post_tag","embeddable":true,"href":"https:\/\/www.galeriechampaka.com\/index.php?rest_route=%2Fwp%2Fv2%2Ftags&post=89787"}],"curies":[{"name":"wp","href":"https:\/\/api.w.org\/{rel}","templated":true}]}}