{"id":92886,"date":"2023-10-10T13:28:56","date_gmt":"2023-10-10T11:28:56","guid":{"rendered":"https:\/\/www.galeriechampaka.com\/?page_id=92886"},"modified":"2023-10-20T08:36:01","modified_gmt":"2023-10-20T06:36:01","slug":"daniel-torres","status":"publish","type":"page","link":"https:\/\/www.galeriechampaka.com\/?page_id=92886","title":{"rendered":"Daniel TORRES"},"content":{"rendered":"<h1 id=\"fr\">Roco Vargas &#8211; Le triomphe du noir et blanc<\/h1>\n<h3 class=\"p3\"><span class=\"s1\">Exposition online 19\/10 &gt; 04\/11\/2023<\/span><\/h3>\n<p><img loading=\"lazy\" decoding=\"async\" class=\"alignnone wp-image-92884\" src=\"https:\/\/www.galeriechampaka.com\/wp-content\/uploads\/2023\/10\/TORRES-NB-02-300x214.jpg\" alt=\"Torres \u00e0 la Galerie Champaka\" width=\"648\" height=\"462\" srcset=\"https:\/\/www.galeriechampaka.com\/wp-content\/uploads\/2023\/10\/TORRES-NB-02-300x214.jpg 300w, https:\/\/www.galeriechampaka.com\/wp-content\/uploads\/2023\/10\/TORRES-NB-02-1024x731.jpg 1024w, https:\/\/www.galeriechampaka.com\/wp-content\/uploads\/2023\/10\/TORRES-NB-02-768x548.jpg 768w, https:\/\/www.galeriechampaka.com\/wp-content\/uploads\/2023\/10\/TORRES-NB-02-1536x1096.jpg 1536w, https:\/\/www.galeriechampaka.com\/wp-content\/uploads\/2023\/10\/TORRES-NB-02.jpg 2000w\" sizes=\"auto, (max-width: 648px) 100vw, 648px\" \/><\/p>\n<p class=\"p1\"><span class=\"s1\"><b>Daniel Torres<\/b> est &#8211; avec Swarte, Ever Meulen, Chaland, Floc\u2019h, Serge Clerc et Ted Benoit &#8211; un acteur majeur du renouveau de la Ligne Claire \u00e0 l\u2019aube des ann\u00e9es \u201980. Apr\u00e8s avoir publi\u00e9 <i>Opium<\/i> dans <i>M\u00e9tal Hurlant,<\/i> il confie les aventures r\u00e9tro-futuristes de <b>Roco Vargas<\/b> au mensuel <i>(A SUIVRE). <\/i>Gomina et fine moustache \u00e0 la Clark Gable, cet ancien pilote inter-galactique se partage entre la r\u00e9daction de romans \u00e0 succ\u00e8s et la gestion du Mongo&nbsp;: une bo\u00eete de nuit branch\u00e9e.<\/span><\/p>\n<p class=\"p1\"><span class=\"s1\">Devenu la r\u00e9f\u00e9rence absolue en mati\u00e8re de science-fiction \u00ab made in Spain \u00bb, Roco Vargas est traduit dans une dizaine de langues. Servi par un encrage somptueux, des planches savamment construites et une grande ma\u00eetrise narrative, les r\u00e9cits de Torres font \u00e9cho \u00e0 des th\u00e9matiques universelles (\u00e9cologie, guerres, invasions, politique et mafia) et reposent sur une cr\u00e9dibilit\u00e9 scientifique sans faille. Une alliance magique entre la fantaisie graphico-narrative et le s\u00e9rieux du propos. <\/span><\/p>\n<p class=\"p1\"><span class=\"s1\"><b>L\u2019exposition <i>online<\/i> de la Galerie Champaka pr\u00e9sente un large choix de merveilles en noir et blanc de <i>Roco Vargas<\/i>. Un rendez-vous immanquable pour les amateurs de Ligne Claire et de science-fiction&nbsp;!<\/b><\/span><\/p>\n<hr>\n<h2 id=\"nl\">Roco Vargas &#8211; De triomf van zwart en wit<\/h2>\n<p class=\"p1\"><span class=\"s1\"><b>Daniel Torres<\/b> is \u2013 samen met Swarte, Ever Meulen, Chaland, Floc\u2019h, Serge Clerc en Ted Benoit \u2013 een belangrijke figuur in de vernieuwing van de Klare Lijn bij het begin van de jaren 80. Nadat hij <i>Opium<\/i> publiceerde in <i>M\u00e9tal Hurlant<\/i>, vertrouwt hij de retro-futuristische avonturen van <b>Roco Vargas<\/b> toe aan het maandblad <i>(Wordt Vervolgd).<\/i> Met gepommadeerd haar en een fijn snorretje \u00e0 la Clark Gable verdeelt deze oud intergalactische piloot zijn tijd tussen de redactie van succesromans en het beheer van de Mongo, een trendy nachtkeet.<\/span><\/p>\n<p class=\"p1\"><span class=\"s1\">Roco Vargas is de absolute referentie geworden van de \u201cmade in Spain\u201d sciencefiction en werd vertaald in een tiental talen. De verhalen van Torres, geschraagd door een stevige inkting, vernuftig opgebouwde platen en een grote beheersing van de vertelkunst, zijn een echo van universele thema\u2019s (ecologie, oorlog, invasies, politiek en maffia) en steunen op een wetenschappelijke geloofwaardigheid. Een magisch samengaan van grafisch-narratieve fantasie en de ernst van het onderwerp.<\/span><\/p>\n<p class=\"p1\"><span class=\"s1\"><b>De <i>online <\/i>verkooptentoonstelling van Galerij Champaka voorsteeld top zwart-wit platen van <i>Roco Vargas. <\/i>Een onmisbaar evenement voor de liefhebbersvan de Klare Lijn en sciencefiction!<\/b><\/span><\/p>\n<hr>\n<h2 id=\"en\" class=\"p1\">Roco Vargas &#8211; The triumph of black and white<\/h2>\n<p class=\"p1\"><span class=\"s1\"><b>Daniel Torres<\/b> &#8211; alongside Swarte, Ever Meulen, Chaland, Floc&rsquo;h, Serge Clerc and Ted Benoit &#8211; is a major player in the renewal of the Clear Line at the dawn of the Eighties. After publishing <i>Opium<\/i> in <i>M\u00e9tal Hurlant<\/i>, he offers the retro-futuristic adventures of <b>Roco Vargas<\/b> to the monthly magazine <i>(A SUIVRE)<\/i>. With slick hair and a fine moustache \u00e0 la Clark Gable, this former intergalactic pilot divides his time between writing successful novels and managing the Mongo, a trendy nightclub. <\/span><\/p>\n<p class=\"p1\"><span class=\"s1\">Roco Vargas became the absolute reference in science fiction \u00ab\u00a0made in Spain\u201d, translated into a dozen languages. Served by sumptuous inking, skilfully constructed layouts and great narrative mastery, Torres&rsquo;s stories echo universal themes (ecology, wars, invasions, politics and mafia) and rely on flawless scientific credibility. A magical alliance between graphic-narrative fantasy and seriousness of purpose.<\/span><\/p>\n<p class=\"p1\"><span class=\"s1\"><b>The <i>online <\/i>selling-exhibition at the Champaka Gallery presents a wide selection of black-and-white wonders of <i>Roco Vargas<\/i>. An unmissable event for fans of the Clear Line and science fiction!<\/b><\/span><\/p>\n<h2>Originaux<\/h2>\nngg_shortcode_0_placeholder\n<h2>Int\u00e9ress\u00e9 par une \u0153uvre?<\/h2>\n<p>Laissez-nous vos coordonn\u00e9es, nous vous recontacterons d\u00e8s que possible.<br \/>\n\n<div class=\"wpcf7 no-js\" id=\"wpcf7-f688-o1\" lang=\"fr-FR\" dir=\"ltr\" data-wpcf7-id=\"688\">\n<div class=\"screen-reader-response\"><p role=\"status\" aria-live=\"polite\" aria-atomic=\"true\"><\/p> <ul><\/ul><\/div>\n<form action=\"\/index.php?rest_route=%2Fwp%2Fv2%2Fpages%2F92886#wpcf7-f688-o1\" method=\"post\" class=\"wpcf7-form init\" aria-label=\"Formulaire de contact\" novalidate=\"novalidate\" data-status=\"init\">\n<fieldset class=\"hidden-fields-container\"><input type=\"hidden\" name=\"_wpcf7\" value=\"688\" \/><input type=\"hidden\" name=\"_wpcf7_version\" value=\"6.1.5\" \/><input type=\"hidden\" name=\"_wpcf7_locale\" value=\"fr_FR\" \/><input type=\"hidden\" name=\"_wpcf7_unit_tag\" value=\"wpcf7-f688-o1\" \/><input type=\"hidden\" name=\"_wpcf7_container_post\" value=\"0\" \/><input type=\"hidden\" name=\"_wpcf7_posted_data_hash\" value=\"\" \/>\n<\/fieldset>\n<p><label> Votre nom (*)<br \/>\n<span class=\"wpcf7-form-control-wrap\" data-name=\"your-name\"><input size=\"40\" maxlength=\"400\" class=\"wpcf7-form-control wpcf7-text wpcf7-validates-as-required\" autocomplete=\"name\" aria-required=\"true\" aria-invalid=\"false\" value=\"\" type=\"text\" name=\"your-name\" \/><\/span> <\/label>\n<\/p>\n<p><label> Votre e-mail (*)<br \/>\n<span class=\"wpcf7-form-control-wrap\" data-name=\"your-email\"><input size=\"40\" maxlength=\"400\" class=\"wpcf7-form-control wpcf7-email wpcf7-validates-as-required wpcf7-text wpcf7-validates-as-email\" autocomplete=\"email\" aria-required=\"true\" aria-invalid=\"false\" value=\"\" type=\"email\" name=\"your-email\" \/><\/span> <\/label>\n<\/p>\n<p><label>\u0152uvre choisie<br \/>\n<span class=\"wpcf7-form-control-wrap\" data-name=\"your-subject\"><input size=\"40\" maxlength=\"400\" class=\"wpcf7-form-control wpcf7-text\" aria-invalid=\"false\" value=\"\" type=\"text\" name=\"your-subject\" \/><\/span> <\/label>\n<\/p>\n<p><label>Votre demande<br \/>\n<span class=\"wpcf7-form-control-wrap\" data-name=\"your-message\"><textarea cols=\"40\" rows=\"10\" maxlength=\"2000\" class=\"wpcf7-form-control wpcf7-textarea\" aria-invalid=\"false\" name=\"your-message\"><\/textarea><\/span> <\/label>\n<\/p>\n<p><input class=\"wpcf7-form-control wpcf7-submit has-spinner\" type=\"submit\" value=\"Envoyer\" \/>\n<\/p>\n<p>Ce formulaire utilise Akismet pour r\u00e9duire le courrier ind\u00e9sirable. <a target=\"_blank\" rel=\"nofollow noopener\" href=\"https:\/\/akismet.com\/privacy\/\">D\u00e9couvrez comment vos donn\u00e9es sont trait\u00e9es.<\/a>\n<\/p><p style=\"display: none !important;\" class=\"akismet-fields-container\" data-prefix=\"_wpcf7_ak_\"><label>&#916;<textarea name=\"_wpcf7_ak_hp_textarea\" cols=\"45\" rows=\"8\" maxlength=\"100\"><\/textarea><\/label><input type=\"hidden\" id=\"ak_js_1\" name=\"_wpcf7_ak_js\" value=\"9\"\/><script type=\"text\/javascript\">\n\/* <![CDATA[ *\/\ndocument.getElementById( \"ak_js_1\" ).setAttribute( \"value\", ( new Date() ).getTime() );\n\/* ]]> *\/\n<\/script>\n<\/p><div class=\"wpcf7-response-output\" aria-hidden=\"true\"><\/div>\n<\/form>\n<\/div>\n<\/p>\n","protected":false},"excerpt":{"rendered":"<p>Roco Vargas &#8211; Le triomphe du noir et blanc Exposition online 19\/10 &gt; 04\/11\/2023 Daniel Torres est &#8211; avec Swarte, Ever Meulen, Chaland, Floc\u2019h, Serge Clerc et Ted Benoit &#8211; un acteur majeur du renouveau de la Ligne Claire \u00e0 l\u2019aube des ann\u00e9es \u201980. Apr\u00e8s avoir publi\u00e9 Opium dans M\u00e9tal Hurlant, il confie les aventures [&hellip;]<\/p>\n","protected":false},"author":5,"featured_media":0,"parent":0,"menu_order":0,"comment_status":"closed","ping_status":"closed","template":"","meta":{"ngg_post_thumbnail":0,"footnotes":""},"categories":[],"tags":[],"class_list":["post-92886","page","type-page","status-publish","hentry"],"_links":{"self":[{"href":"https:\/\/www.galeriechampaka.com\/index.php?rest_route=\/wp\/v2\/pages\/92886","targetHints":{"allow":["GET"]}}],"collection":[{"href":"https:\/\/www.galeriechampaka.com\/index.php?rest_route=\/wp\/v2\/pages"}],"about":[{"href":"https:\/\/www.galeriechampaka.com\/index.php?rest_route=\/wp\/v2\/types\/page"}],"author":[{"embeddable":true,"href":"https:\/\/www.galeriechampaka.com\/index.php?rest_route=\/wp\/v2\/users\/5"}],"replies":[{"embeddable":true,"href":"https:\/\/www.galeriechampaka.com\/index.php?rest_route=%2Fwp%2Fv2%2Fcomments&post=92886"}],"version-history":[{"count":6,"href":"https:\/\/www.galeriechampaka.com\/index.php?rest_route=\/wp\/v2\/pages\/92886\/revisions"}],"predecessor-version":[{"id":93127,"href":"https:\/\/www.galeriechampaka.com\/index.php?rest_route=\/wp\/v2\/pages\/92886\/revisions\/93127"}],"wp:attachment":[{"href":"https:\/\/www.galeriechampaka.com\/index.php?rest_route=%2Fwp%2Fv2%2Fmedia&parent=92886"}],"wp:term":[{"taxonomy":"category","embeddable":true,"href":"https:\/\/www.galeriechampaka.com\/index.php?rest_route=%2Fwp%2Fv2%2Fcategories&post=92886"},{"taxonomy":"post_tag","embeddable":true,"href":"https:\/\/www.galeriechampaka.com\/index.php?rest_route=%2Fwp%2Fv2%2Ftags&post=92886"}],"curies":[{"name":"wp","href":"https:\/\/api.w.org\/{rel}","templated":true}]}}