{"id":98690,"date":"2025-03-16T18:23:17","date_gmt":"2025-03-16T17:23:17","guid":{"rendered":"https:\/\/www.galeriechampaka.com\/?page_id=98690"},"modified":"2025-04-06T20:15:06","modified_gmt":"2025-04-06T18:15:06","slug":"benjamin-bachelier","status":"publish","type":"page","link":"https:\/\/www.galeriechampaka.com\/?page_id=98690","title":{"rendered":"BENJAMIN BACHELIER"},"content":{"rendered":"<h1 id=\"fr\" class=\"p1\"><em><b>\u00abSmoking &#8211; La r\u00e9volution Yves Saint Laurent\u00bb<\/b><\/em><\/h1>\n<h3 class=\"p3\"><span class=\"s1\">Exposition 03\/04 &gt; 19\/04\/2025<\/span><\/h3>\n<h1 id=\"fr\" class=\"p1\" style=\"margin-top: 0px;\"><img loading=\"lazy\" decoding=\"async\" class=\"alignnone size-full wp-image-98691\" src=\"https:\/\/www.galeriechampaka.com\/wp-content\/uploads\/2025\/03\/YSL-Cover.jpg\" alt=\"Cover de la BD &quot;Smoking, la r\u00e9volution Yves Saint Laurent&quot;, illustration d'Yves Saint Laurent et un de ses mod\u00e8les en premier plan avec des passants qui marchent en second plan\" width=\"605\" height=\"800\" srcset=\"https:\/\/www.galeriechampaka.com\/wp-content\/uploads\/2025\/03\/YSL-Cover.jpg 605w, https:\/\/www.galeriechampaka.com\/wp-content\/uploads\/2025\/03\/YSL-Cover-227x300.jpg 227w\" sizes=\"auto, (max-width: 605px) 100vw, 605px\" \/><\/h1>\n<p class=\"p1\">La bande dessin\u00e9e de <b>Loo Hui Phang<\/b> (sc\u00e9nario) et <b>Benjamin Bachelier<\/b> (dessin) suit les traces d\u2019Yves Saint Laurent et de Betty Catroux, sa complice, v\u00eatue du c\u00e9l\u00e8bre smoking du cr\u00e9ateur. Dans les rues de New York, en 1967, avec ce smoking pour ladies immuablement r\u00e9volutionnaire, Saint Laurent cristallise \u00e0 merveille&nbsp; les marqueurs essentiels d&rsquo;une \u00e9poque charni\u00e8re&#8230;<\/p>\n<p class=\"p1\">D\u2019une richesse narrative et graphique remarquable, <b><i>Smoking &#8211; La r\u00e9volution Yves Saint Laurent<\/i><\/b> (Ed. Albin Michel BD) aborde, entre autres, le r\u00f4le politique et \u00e9mancipateur du pantalon au f\u00e9minin, la symbolique de la couleur noire ou l\u2019ambiance cr\u00e9ative de la Factory d\u2019Andy Warhol. Benjamin Bachelier compose de superbes doubles pages, parfois con\u00e7ues comme une seule grande image, en alternant crayons, encres et d\u00e9coupages.<span class=\"Apple-converted-space\">&nbsp;<\/span><\/p>\n<p class=\"p1\">Moderne, il ne tombe pas dans le pi\u00e8ge du dessin de mode mais privil\u00e9gie une \u00e9criture graphique libre qui r\u00e9sonne superbement avec l&rsquo;\u00e9criture de Loo Hui Phang, l&rsquo;ensemble t\u00e9moignant remarquablement de la dimension quasi mythologique du smoking f\u00e9minin sign\u00e9 YSL!<\/p>\n<p class=\"p1\">La <b>Galerie Champaka<\/b> a le grand plaisir de pr\u00e9senter, en exclusivit\u00e9,&nbsp;une superbe s\u00e9lection des plus beaux originaux de <i>Smoking &#8211; La r\u00e9volution Yves Saint Laurent&nbsp;<\/i>!<\/p>\n<hr>\n<h2 id=\"nl\"><em><b>\u00abSmoking &#8211; La r\u00e9volution Yves Saint Laurent\u00bb<\/b><\/em><\/h2>\n<p class=\"p1\">Het stripverhaal van <b>Loo Hui Phang<\/b> (scenario) en <b>Benjamin Bachelier<\/b> (tekeningen) volgt het spoor van Yves Saint Laurent en Betty Catroux, zijn vennoot, gekleed in de beroemde smoking van de schepper. In de straten van New York kristalliseert Saint Laurent in 1967 met die ontzettend revolutionaire smoking voor ladies schitterend de essenti\u00eble kentekens van die periode van omwenteling.<br \/>\nMet narratieve rijkdom en opmerkelijke grafiek pakt <b><i>Smoking-La r\u00e9volution Yves Saint Laurent<\/i><\/b> (uitg. Albin Michel BD) ondermeer de politiek en emanciperende rol aan van de vrouwelijke broek, de symboliek van de zwarte kleur of de creatieve sfeer van de Factory van Andy Warhol. Benjamin Bachelier componeert heerlijke, dubbele pagina\u2019s, soms ontworpen als \u00e9\u00e9n grote prent en wisselt potlood af met inkt en collages.<br \/>\nHij valt niet in de valstrik van de modetekening, maar verkiest eerder een vrij, grafisch schrift dat perfect samengaat met de tekst van Loo Hui Phang. Het geheel getuigt van de haast mythologische dimensies van de vrouwelijke smoking, gesigneerd YSL!<br \/>\n<b>Galerij Champaka<\/b> heeft het groot genoegen in exclusiviteit een wonderlijke selectie van de mooiste originelen voor te stellen uit <i>Smoking- La r\u00e9volution Yves Saint Laurent<\/i>!<\/p>\n<hr>\n<h2 id=\"en\"><em><b>\u00abSmoking &#8211; La r\u00e9volution Yves Saint Laurent\u00bb<\/b><\/em><\/h2>\n<p class=\"p1\">This graphic novel by <b>Loo Hui Phang<\/b> (script) and <b>Benjamin Bachelier<\/b> (drawing) follows in the footsteps of Yves Saint Laurent and Betty Catroux, his accomplice, who wears the designer&rsquo;s famous tuxedo. In the streets of New York in 1967, with this entirely revolutionary tuxedo suit for ladies, Saint Laurent marvellously crystallises the essential keystones of this pivotal era&#8230;<\/p>\n<p class=\"p1\">With a remarkable richness both narrative and graphic, <b><i>Smoking &#8211; La r\u00e9volution Yves Saint Laurent<\/i><\/b> (Ed. Albin Michel BD) addresses, among other things, the political and emancipatory role of trousers for women, the symbolism of the colour black and the creative atmosphere of Andy Warhol&rsquo;s Factory. Benjamin Bachelier composes superb double pages, sometimes conceiving them as a single large image, and switching between pencils, inks and cutouts.<span class=\"Apple-converted-space\">&nbsp;<\/span><\/p>\n<p class=\"p1\">In its modernity, it avoids the trap of fashion drawings in favour of a liberated graphic storytelling that resonates superbly with the writing of Loo Hui Phang, the ensemble testifying brilliantly to the quasi-mythological dimension of the feminine tuxedo signed YSL!<\/p>\n<p class=\"p1\">The <b>Champaka Gallery<\/b> takes great pleasure in presenting, exclusively, a superb selection of the most beautiful originals from <i>Smoking &#8211; La r\u00e9volution Yves Saint Laurent<\/i>!<\/p>\n<h2>Originaux<\/h2>\nngg_shortcode_0_placeholder\n<h2>Int\u00e9ress\u00e9 par une \u0153uvre?<\/h2>\n<p>Laissez-nous vos coordonn\u00e9es, nous vous recontacterons d\u00e8s que possible.<br \/>\n\n<div class=\"wpcf7 no-js\" id=\"wpcf7-f688-o1\" lang=\"fr-FR\" dir=\"ltr\" data-wpcf7-id=\"688\">\n<div class=\"screen-reader-response\"><p role=\"status\" aria-live=\"polite\" aria-atomic=\"true\"><\/p> <ul><\/ul><\/div>\n<form action=\"\/index.php?rest_route=%2Fwp%2Fv2%2Fpages%2F98690#wpcf7-f688-o1\" method=\"post\" class=\"wpcf7-form init\" aria-label=\"Formulaire de contact\" novalidate=\"novalidate\" data-status=\"init\">\n<fieldset class=\"hidden-fields-container\"><input type=\"hidden\" name=\"_wpcf7\" value=\"688\" \/><input type=\"hidden\" name=\"_wpcf7_version\" value=\"6.1.5\" \/><input type=\"hidden\" name=\"_wpcf7_locale\" value=\"fr_FR\" \/><input type=\"hidden\" name=\"_wpcf7_unit_tag\" value=\"wpcf7-f688-o1\" \/><input type=\"hidden\" name=\"_wpcf7_container_post\" value=\"0\" \/><input type=\"hidden\" name=\"_wpcf7_posted_data_hash\" value=\"\" \/>\n<\/fieldset>\n<p><label> Votre nom (*)<br \/>\n<span class=\"wpcf7-form-control-wrap\" data-name=\"your-name\"><input size=\"40\" maxlength=\"400\" class=\"wpcf7-form-control wpcf7-text wpcf7-validates-as-required\" autocomplete=\"name\" aria-required=\"true\" aria-invalid=\"false\" value=\"\" type=\"text\" name=\"your-name\" \/><\/span> <\/label>\n<\/p>\n<p><label> Votre e-mail (*)<br \/>\n<span class=\"wpcf7-form-control-wrap\" data-name=\"your-email\"><input size=\"40\" maxlength=\"400\" class=\"wpcf7-form-control wpcf7-email wpcf7-validates-as-required wpcf7-text wpcf7-validates-as-email\" autocomplete=\"email\" aria-required=\"true\" aria-invalid=\"false\" value=\"\" type=\"email\" name=\"your-email\" \/><\/span> <\/label>\n<\/p>\n<p><label>\u0152uvre choisie<br \/>\n<span class=\"wpcf7-form-control-wrap\" data-name=\"your-subject\"><input size=\"40\" maxlength=\"400\" class=\"wpcf7-form-control wpcf7-text\" aria-invalid=\"false\" value=\"\" type=\"text\" name=\"your-subject\" \/><\/span> <\/label>\n<\/p>\n<p><label>Votre demande<br \/>\n<span class=\"wpcf7-form-control-wrap\" data-name=\"your-message\"><textarea cols=\"40\" rows=\"10\" maxlength=\"2000\" class=\"wpcf7-form-control wpcf7-textarea\" aria-invalid=\"false\" name=\"your-message\"><\/textarea><\/span> <\/label>\n<\/p>\n<p><input class=\"wpcf7-form-control wpcf7-submit has-spinner\" type=\"submit\" value=\"Envoyer\" \/>\n<\/p>\n<p>Ce formulaire utilise Akismet pour r\u00e9duire le courrier ind\u00e9sirable. <a target=\"_blank\" rel=\"nofollow noopener\" href=\"https:\/\/akismet.com\/privacy\/\">D\u00e9couvrez comment vos donn\u00e9es sont trait\u00e9es.<\/a>\n<\/p><p style=\"display: none !important;\" class=\"akismet-fields-container\" data-prefix=\"_wpcf7_ak_\"><label>&#916;<textarea name=\"_wpcf7_ak_hp_textarea\" cols=\"45\" rows=\"8\" maxlength=\"100\"><\/textarea><\/label><input type=\"hidden\" id=\"ak_js_1\" name=\"_wpcf7_ak_js\" value=\"50\"\/><script type=\"text\/javascript\">\n\/* <![CDATA[ *\/\ndocument.getElementById( \"ak_js_1\" ).setAttribute( \"value\", ( new Date() ).getTime() );\n\/* ]]> *\/\n<\/script>\n<\/p><div class=\"wpcf7-response-output\" aria-hidden=\"true\"><\/div>\n<\/form>\n<\/div>\n<\/p>\n","protected":false},"excerpt":{"rendered":"<p>Oeuvres en vente &#8211; Exposition \u00ab\u00a0Smoking &#8211; La r\u00e9volution Yves Saint Laurent\u00a0\u00bb<\/p>\n","protected":false},"author":5,"featured_media":0,"parent":0,"menu_order":0,"comment_status":"closed","ping_status":"closed","template":"","meta":{"ngg_post_thumbnail":0,"footnotes":""},"categories":[],"tags":[],"class_list":["post-98690","page","type-page","status-publish","hentry"],"_links":{"self":[{"href":"https:\/\/www.galeriechampaka.com\/index.php?rest_route=\/wp\/v2\/pages\/98690","targetHints":{"allow":["GET"]}}],"collection":[{"href":"https:\/\/www.galeriechampaka.com\/index.php?rest_route=\/wp\/v2\/pages"}],"about":[{"href":"https:\/\/www.galeriechampaka.com\/index.php?rest_route=\/wp\/v2\/types\/page"}],"author":[{"embeddable":true,"href":"https:\/\/www.galeriechampaka.com\/index.php?rest_route=\/wp\/v2\/users\/5"}],"replies":[{"embeddable":true,"href":"https:\/\/www.galeriechampaka.com\/index.php?rest_route=%2Fwp%2Fv2%2Fcomments&post=98690"}],"version-history":[{"count":4,"href":"https:\/\/www.galeriechampaka.com\/index.php?rest_route=\/wp\/v2\/pages\/98690\/revisions"}],"predecessor-version":[{"id":98828,"href":"https:\/\/www.galeriechampaka.com\/index.php?rest_route=\/wp\/v2\/pages\/98690\/revisions\/98828"}],"wp:attachment":[{"href":"https:\/\/www.galeriechampaka.com\/index.php?rest_route=%2Fwp%2Fv2%2Fmedia&parent=98690"}],"wp:term":[{"taxonomy":"category","embeddable":true,"href":"https:\/\/www.galeriechampaka.com\/index.php?rest_route=%2Fwp%2Fv2%2Fcategories&post=98690"},{"taxonomy":"post_tag","embeddable":true,"href":"https:\/\/www.galeriechampaka.com\/index.php?rest_route=%2Fwp%2Fv2%2Ftags&post=98690"}],"curies":[{"name":"wp","href":"https:\/\/api.w.org\/{rel}","templated":true}]}}