{"id":98891,"date":"2025-04-06T20:07:25","date_gmt":"2025-04-06T18:07:25","guid":{"rendered":"https:\/\/www.galeriechampaka.com\/?page_id=98891"},"modified":"2026-04-20T23:04:06","modified_gmt":"2026-04-20T21:04:06","slug":"maryse-jean-francois-charles-2","status":"publish","type":"page","link":"https:\/\/www.galeriechampaka.com\/?page_id=98891","title":{"rendered":"MARYSE &#038; JEAN-FRANCOIS CHARLES"},"content":{"rendered":"<h1 id=\"fr\" class=\"p1\"><em><b>\u00abAu coeur du d\u00e9sert\u00bb<\/b><\/em><\/h1>\n<h3 class=\"p3\"><span class=\"s1\">Exposition 24\/04 &gt; 17\/05\/2025<\/span><\/h3>\n<p><img loading=\"lazy\" decoding=\"async\" class=\"alignnone size-full wp-image-98892\" src=\"https:\/\/www.galeriechampaka.com\/wp-content\/uploads\/2025\/04\/CHARLES-25-52.jpg\" alt=\"Un cow-boy en uniforme est assis sur un rocher avec un fusil, surplombant un canyon au coucher du soleil. Un cheval se tient \u00e0 ses c\u00f4t\u00e9s et des oiseaux volent dans le ciel.\" width=\"1472\" height=\"2000\" srcset=\"https:\/\/www.galeriechampaka.com\/wp-content\/uploads\/2025\/04\/CHARLES-25-52.jpg 1472w, https:\/\/www.galeriechampaka.com\/wp-content\/uploads\/2025\/04\/CHARLES-25-52-221x300.jpg 221w, https:\/\/www.galeriechampaka.com\/wp-content\/uploads\/2025\/04\/CHARLES-25-52-754x1024.jpg 754w, https:\/\/www.galeriechampaka.com\/wp-content\/uploads\/2025\/04\/CHARLES-25-52-768x1043.jpg 768w, https:\/\/www.galeriechampaka.com\/wp-content\/uploads\/2025\/04\/CHARLES-25-52-1130x1536.jpg 1130w\" sizes=\"auto, (max-width: 1472px) 100vw, 1472px\" \/><\/p>\n<p class=\"p1\">Depuis leur premier voyage aux \u00c9tats-Unis en 1976, <b>Maryse et Jean-Fran\u00e7ois Charles<\/b> r\u00eavent de transposer en BD ces mythiques \u00ab\u00a0grands espaces\u00a0\u00bb qui les avaient tant \u00e9blouis. Presque 50 ans plus tard et envo\u00fbt\u00e9s par un r\u00e9cent voyage en Arizona, c\u2019est chose faite. Avec magnificence&nbsp;!<\/p>\n<p class=\"p1\">Pour <b><i>Au c\u0153ur du d\u00e9sert<\/i><\/b> (\u00c9d. Le Lombard), le couple s\u2019inspire du roman culte de Joseph Conrad&nbsp;: <i>Au c\u0153ur des t\u00e9n\u00e8bres<\/i>, un r\u00e9cit d\u00e9j\u00e0 revisit\u00e9 par Coppola dans <i>Apocalypse Now<\/i>, pour le situer dans l\u2019Ouest am\u00e9ricain. Norman, jeune lieutenant, s\u2019y voit confier une mission confidentielle : retrouver son fr\u00e8re, le colonel Adam Pyle, d\u00e9cor\u00e9 de la Medal of Honor, dont les actions rebelles d\u00e9shonorent d\u00e9sormais l\u2019arm\u00e9e.<span class=\"Apple-converted-space\">&nbsp;<\/span><\/p>\n<p class=\"p1\">Jean-Fran\u00e7ois Charles traduit sur papier les lumi\u00e8res extraordinaires et les ombres gigantesques observ\u00e9es dans les d\u00e9serts, sans oublier les ciels \u00e9poustouflants avec leurs fabuleux nuages. Sous les pinceaux de ce baroudeur es-aquarelle, les personnages et surtout les paysages prennent vie de ma\u00eetresse fa\u00e7on,<span class=\"Apple-converted-space\">&nbsp; <\/span>les hommes oscillant entre supr\u00eame \u00e9l\u00e9gance et violence primale. R\u00e9alis\u00e9s sur un papier toil\u00e9 pr\u00e9vu pour la peinture \u00e0 l\u2019huile, les originaux affichent des mati\u00e8res vivantes et transpirent d\u2019\u00e9motion.<\/p>\n<p class=\"p2\">L\u2019exposition <i>Au c\u0153ur du d\u00e9sert&nbsp;<\/i> de la <b>Galerie Champaka<\/b> pr\u00e9sente une exceptionnelle s\u00e9lection de planches originales, couvertures, illustrations et crayonn\u00e9s.<span class=\"Apple-converted-space\">&nbsp;<\/span><\/p>\n<hr>\n<h2 id=\"nl\"><em><b>\u00ab<i>In het hart van de Woestijn<\/i>\u00bb<\/b><\/em><\/h2>\n<p class=\"p1\">Sinds hun eerste reis naar de Verenigde Staten in 1976 dromen <b>Maryse en Jean-Fran\u00e7ois Charles<\/b> ervan die mythische \u201cgrote ruimten\u201d die hen zo versteld lieten staan, in stripvorm te brengen. Haast 50 jaar later en onder de betovering van hun laatste trip naar Arizona is het zover. En hoe!<\/p>\n<p class=\"p1\">Voor <b><i>In het hart van de Woestijn<\/i><\/b> (uitg. Le Lombard) inspireerde het koppel zich op de kult roman van Joseph Conrad: <i>Heart of Darkness<\/i>, een verhaal dat Coppola al in <i>Apocalypse Now<\/i> gebruikte, om het in het Amerikaanse Westen te situeren. Norman, een jonge luitenant, krijgt een vertrouwelijke opdracht: zijn broer, kolonel Adam Pyle, gedecoreerd met de eremedaille, terugvinden wiens rebelse daden nu het leger onteren.<\/p>\n<p class=\"p1\">Jean-Fran\u00e7ois tovert op papier het uitzonderlijke licht en de gigantische schaduwen die hij in de woestijn zag naast de verbluffende lucht met zijn schitterende wolken. Met het penseel van de reiziger- aquarellist komen de figuren en vooral de landschappen tot leven waarbij de personages zweven tussen opperste elegantie en primair geweld. De originelen, gemaakt op canvaspapier voor olieverf, brengen levendige materie stikvol emoties.<\/p>\n<p class=\"p1\">De tentoonstelling In het hart van de woestijn van <b>Galerij Champaka<\/b> stelt een uitzonderlijke selectie voor van originele platen, omslagen, illustraties en schetsen.<\/p>\n<hr>\n<h2 id=\"en\"><em><b>\u00ab<i>Au c\u0153ur du d\u00e9sert<\/i>\u00bb<\/b><\/em><\/h2>\n<p class=\"p1\">Since their first trip to the United States in 1976, <b>Maryse and Jean-Fran\u00e7ois Charles<\/b> have been dreaming of transposing those mythical \u00ab\u00a0wide open spaces\u00a0\u00bb that so dazzled them into comics. Almost 50 years later and captivated by a recent trip to Arizona, they have done it, and magnificently!<\/p>\n<p class=\"p1\">For <b><i>Au c\u0153ur du d\u00e9sert<\/i><\/b> (\u00c9d. Le Lombard), the couple was inspired by Joseph Conrad&rsquo;s cult novel: <i>Heart of Darkness<\/i>, a story already revisited by Coppola in <i>Apocalypse Now<\/i>, to relocate it to the American West. Norman, a young lieutenant, is entrusted with a confidential mission: to find his brother, Colonel Adam Pyle, decorated with the Medal of Honour, whose rebellious conduct is now dishonoring the army.<\/p>\n<p class=\"p1\">Jean-Fran\u00e7ois Charles translates onto paper the extraordinary light and gigantic shadows observed in the deserts, not forgetting the breathtaking skies with their fabulous clouds. Under the brushes of this adventurer in watercolors, the characters and especially the landscapes are brought to life in a masterful way, the men shifting between great elegance and raw violence. Created on canvas paper intended for oil painting, the originals display their lively materials and exude emotion.<span class=\"Apple-converted-space\">&nbsp;<\/span><\/p>\n<p class=\"p1\">The exhibition <i>Au c\u0153ur du d\u00e9sert<\/i> at the <b>Champaka Gallery<\/b> presents an exceptional selection of original pages, covers, illustrations and sketches.<\/p>\n<h2>Originaux<\/h2>\nngg_shortcode_0_placeholder\n<h2>Int\u00e9ress\u00e9 par une \u0153uvre?<\/h2>\n<p>Laissez-nous vos coordonn\u00e9es, nous vous recontacterons d\u00e8s que possible.<br \/>\n\n<div class=\"wpcf7 no-js\" id=\"wpcf7-f688-o1\" lang=\"fr-FR\" dir=\"ltr\" data-wpcf7-id=\"688\">\n<div class=\"screen-reader-response\"><p role=\"status\" aria-live=\"polite\" aria-atomic=\"true\"><\/p> <ul><\/ul><\/div>\n<form action=\"\/index.php?rest_route=%2Fwp%2Fv2%2Fpages%2F98891#wpcf7-f688-o1\" method=\"post\" class=\"wpcf7-form init\" aria-label=\"Formulaire de contact\" novalidate=\"novalidate\" data-status=\"init\">\n<fieldset class=\"hidden-fields-container\"><input type=\"hidden\" name=\"_wpcf7\" value=\"688\" \/><input type=\"hidden\" name=\"_wpcf7_version\" value=\"6.1.5\" \/><input type=\"hidden\" name=\"_wpcf7_locale\" value=\"fr_FR\" \/><input type=\"hidden\" name=\"_wpcf7_unit_tag\" value=\"wpcf7-f688-o1\" \/><input type=\"hidden\" name=\"_wpcf7_container_post\" value=\"0\" \/><input type=\"hidden\" name=\"_wpcf7_posted_data_hash\" value=\"\" \/>\n<\/fieldset>\n<p><label> Votre nom (*)<br \/>\n<span class=\"wpcf7-form-control-wrap\" data-name=\"your-name\"><input size=\"40\" maxlength=\"400\" class=\"wpcf7-form-control wpcf7-text wpcf7-validates-as-required\" autocomplete=\"name\" aria-required=\"true\" aria-invalid=\"false\" value=\"\" type=\"text\" name=\"your-name\" \/><\/span> <\/label>\n<\/p>\n<p><label> Votre e-mail (*)<br \/>\n<span class=\"wpcf7-form-control-wrap\" data-name=\"your-email\"><input size=\"40\" maxlength=\"400\" class=\"wpcf7-form-control wpcf7-email wpcf7-validates-as-required wpcf7-text wpcf7-validates-as-email\" autocomplete=\"email\" aria-required=\"true\" aria-invalid=\"false\" value=\"\" type=\"email\" name=\"your-email\" \/><\/span> <\/label>\n<\/p>\n<p><label>\u0152uvre choisie<br \/>\n<span class=\"wpcf7-form-control-wrap\" data-name=\"your-subject\"><input size=\"40\" maxlength=\"400\" class=\"wpcf7-form-control wpcf7-text\" aria-invalid=\"false\" value=\"\" type=\"text\" name=\"your-subject\" \/><\/span> <\/label>\n<\/p>\n<p><label>Votre demande<br \/>\n<span class=\"wpcf7-form-control-wrap\" data-name=\"your-message\"><textarea cols=\"40\" rows=\"10\" maxlength=\"2000\" class=\"wpcf7-form-control wpcf7-textarea\" aria-invalid=\"false\" name=\"your-message\"><\/textarea><\/span> <\/label>\n<\/p>\n<p><input class=\"wpcf7-form-control wpcf7-submit has-spinner\" type=\"submit\" value=\"Envoyer\" \/>\n<\/p>\n<p>Ce formulaire utilise Akismet pour r\u00e9duire le courrier ind\u00e9sirable. <a target=\"_blank\" rel=\"nofollow noopener\" href=\"https:\/\/akismet.com\/privacy\/\">D\u00e9couvrez comment vos donn\u00e9es sont trait\u00e9es.<\/a>\n<\/p><p style=\"display: none !important;\" class=\"akismet-fields-container\" data-prefix=\"_wpcf7_ak_\"><label>&#916;<textarea name=\"_wpcf7_ak_hp_textarea\" cols=\"45\" rows=\"8\" maxlength=\"100\"><\/textarea><\/label><input type=\"hidden\" id=\"ak_js_1\" name=\"_wpcf7_ak_js\" value=\"140\"\/><script type=\"text\/javascript\">\n\/* <![CDATA[ *\/\ndocument.getElementById( \"ak_js_1\" ).setAttribute( \"value\", ( new Date() ).getTime() );\n\/* ]]> *\/\n<\/script>\n<\/p><div class=\"wpcf7-response-output\" aria-hidden=\"true\"><\/div>\n<\/form>\n<\/div>\n<\/p>\n","protected":false},"excerpt":{"rendered":"<p>Exposition \u00abAu coeur du d\u00e9sert\u00bb &#8211; 24\/04 > 17\/05\/2025<\/p>\n","protected":false},"author":5,"featured_media":98892,"parent":0,"menu_order":0,"comment_status":"closed","ping_status":"closed","template":"","meta":{"ngg_post_thumbnail":0,"footnotes":""},"categories":[],"tags":[],"class_list":["post-98891","page","type-page","status-publish","has-post-thumbnail","hentry"],"_links":{"self":[{"href":"https:\/\/www.galeriechampaka.com\/index.php?rest_route=\/wp\/v2\/pages\/98891","targetHints":{"allow":["GET"]}}],"collection":[{"href":"https:\/\/www.galeriechampaka.com\/index.php?rest_route=\/wp\/v2\/pages"}],"about":[{"href":"https:\/\/www.galeriechampaka.com\/index.php?rest_route=\/wp\/v2\/types\/page"}],"author":[{"embeddable":true,"href":"https:\/\/www.galeriechampaka.com\/index.php?rest_route=\/wp\/v2\/users\/5"}],"replies":[{"embeddable":true,"href":"https:\/\/www.galeriechampaka.com\/index.php?rest_route=%2Fwp%2Fv2%2Fcomments&post=98891"}],"version-history":[{"count":5,"href":"https:\/\/www.galeriechampaka.com\/index.php?rest_route=\/wp\/v2\/pages\/98891\/revisions"}],"predecessor-version":[{"id":101343,"href":"https:\/\/www.galeriechampaka.com\/index.php?rest_route=\/wp\/v2\/pages\/98891\/revisions\/101343"}],"wp:featuredmedia":[{"embeddable":true,"href":"https:\/\/www.galeriechampaka.com\/index.php?rest_route=\/wp\/v2\/media\/98892"}],"wp:attachment":[{"href":"https:\/\/www.galeriechampaka.com\/index.php?rest_route=%2Fwp%2Fv2%2Fmedia&parent=98891"}],"wp:term":[{"taxonomy":"category","embeddable":true,"href":"https:\/\/www.galeriechampaka.com\/index.php?rest_route=%2Fwp%2Fv2%2Fcategories&post=98891"},{"taxonomy":"post_tag","embeddable":true,"href":"https:\/\/www.galeriechampaka.com\/index.php?rest_route=%2Fwp%2Fv2%2Ftags&post=98891"}],"curies":[{"name":"wp","href":"https:\/\/api.w.org\/{rel}","templated":true}]}}